{"id":31637,"date":"2025-05-22T15:56:53","date_gmt":"2025-05-22T13:56:53","guid":{"rendered":"https:\/\/gabitel.net\/cookies\/"},"modified":"2025-07-01T12:54:34","modified_gmt":"2025-07-01T10:54:34","slug":"cookies","status":"publish","type":"page","link":"https:\/\/gabitel.net\/de\/cookies\/","title":{"rendered":"Cookies"},"content":{"rendered":"\t\t<div data-elementor-type=\"wp-page\" data-elementor-id=\"31637\" class=\"elementor elementor-31637 elementor-305\" data-elementor-post-type=\"page\">\n\t\t\t\t<div class=\"elementor-element elementor-element-66669a2 e-flex e-con-boxed e-con e-parent\" data-id=\"66669a2\" data-element_type=\"container\" data-e-type=\"container\" data-settings=\"{&quot;background_background&quot;:&quot;classic&quot;}\">\n\t\t\t\t\t<div class=\"e-con-inner\">\n\t\t\t\t<div class=\"elementor-element elementor-element-59d2a20 elementor-widget elementor-widget-heading\" data-id=\"59d2a20\" data-element_type=\"widget\" data-e-type=\"widget\" data-widget_type=\"heading.default\">\n\t\t\t\t<div class=\"elementor-widget-container\">\n\t\t\t\t\t<h1 class=\"elementor-heading-title elementor-size-default\">COOKIE-RICHTLINIE<\/h1>\t\t\t\t<\/div>\n\t\t\t\t<\/div>\n\t\t\t\t\t<\/div>\n\t\t\t\t<\/div>\n\t\t<div class=\"elementor-element elementor-element-5836939 e-flex e-con-boxed e-con e-parent\" data-id=\"5836939\" data-element_type=\"container\" data-e-type=\"container\">\n\t\t\t\t\t<div class=\"e-con-inner\">\n\t\t\t\t<div class=\"elementor-element elementor-element-10b907e elementor-widget elementor-widget-heading\" data-id=\"10b907e\" data-element_type=\"widget\" data-e-type=\"widget\" data-widget_type=\"heading.default\">\n\t\t\t\t<div class=\"elementor-widget-container\">\n\t\t\t\t\t<h2 class=\"elementor-heading-title elementor-size-default\">COOKIE-RICHTLINIE<\/h2>\t\t\t\t<\/div>\n\t\t\t\t<\/div>\n\t\t\t\t<div class=\"elementor-element elementor-element-0d3df61 elementor-widget elementor-widget-text-editor\" data-id=\"0d3df61\" data-element_type=\"widget\" data-e-type=\"widget\" data-widget_type=\"text-editor.default\">\n\t\t\t\t<div class=\"elementor-widget-container\">\n\t\t\t\t\t\t\t\t\t<p><span style=\"color: #212121;\">Der Zugriff auf diese Website kann die Verwendung von Cookies beinhalten. Cookies sind kleine Informationsmengen, die in dem von jedem Benutzer verwendeten Browser gespeichert werden \u2013 auf den verschiedenen Ger\u00e4ten, die zum Surfen verwendet werden k\u00f6nnen \u2013, damit sich der Server bestimmte Informationen merkt, die sp\u00e4ter nur von dem Server gelesen werden, der sie implementiert hat. Cookies machen das Surfen einfacher und benutzerfreundlicher und verursachen keinerlei Sch\u00e4den an Ihrem Ger\u00e4t.<\/span><\/p><p><span style=\"color: #212121;\">Cookies sind automatische Verfahren zur Sammlung von Informationen \u00fcber die Pr\u00e4ferenzen, die der Nutzer w\u00e4hrend seines Besuchs auf der Website angibt, um ihn als Benutzer zu erkennen und seine Erfahrung und Nutzung der Website zu personalisieren. Sie k\u00f6nnen beispielsweise auch dazu beitragen, Fehler zu identifizieren und zu beheben.<\/span><\/p><p><span style=\"color: #212121;\">Zu den durch Cookies gesammelten Informationen k\u00f6nnen das Datum und die Uhrzeit der Besuche auf der Website, die aufgerufenen Seiten, die auf der Website verbrachte Zeit und die kurz vor und nach der Website besuchten Websites geh\u00f6ren. Cookies erlauben jedoch keinen Zugriff auf die Telefonnummer oder andere pers\u00f6nliche Kontaktinformationen des Nutzers. Kein Cookie kann Informationen von der Festplatte des Benutzers extrahieren oder pers\u00f6nliche Informationen stehlen. Die einzige M\u00f6glichkeit, dass private Informationen des Nutzers Teil der Cookie-Datei sind, besteht darin, dass der Nutzer diese Informationen pers\u00f6nlich an den Server weitergibt.<\/span><\/p><p><span style=\"color: #212121;\">Cookies, die es erm\u00f6glichen, eine Person zu identifizieren, gelten als personenbezogene Daten. Daher gilt f\u00fcr sie die oben beschriebene Datenschutzrichtlinie. In diesem Sinne ist f\u00fcr die Nutzung derselben die Zustimmung des Nutzers erforderlich. Diese Zustimmung wird auf der Grundlage einer authentischen Wahl, die durch eine positive Entscheidung angeboten wird, vor der ersten, herausnehmbaren und dokumentierten Behandlung mitgeteilt.<\/span><\/p><p>\u00a0<\/p><p><span style=\"color: #333333;\"><b>Erstanbieter-Cookies<\/b><\/span><\/p><p><span style=\"color: #212121;\">Dabei handelt es sich um Cookies, die an den Computer oder das Ger\u00e4t des Nutzers gesendet und ausschlie\u00dflich von Gabitel verwaltet werden, um das Funktionieren der Website zu verbessern. Die gesammelten Informationen werden verwendet, um die Qualit\u00e4t der Website und ihres Inhalts sowie Ihre Benutzererfahrung zu verbessern. Diese Cookies erm\u00f6glichen es dem Nutzer, als wiederkehrender Besucher der Website erkannt zu werden und den Inhalt anzupassen, um Inhalte anzubieten, die seinen Pr\u00e4ferenzen entsprechen.<\/span><\/p><p>\u00a0<\/p><p><span style=\"color: #333333;\"><b>Cookies von Drittanbietern<\/b><\/span><\/p><p><span style=\"color: #212121;\">Dabei handelt es sich um Cookies, die von externen Unternehmen verwendet und verwaltet werden, die Gabitel die von ihm angeforderten Dienste zur Verf\u00fcgung stellen, um die Website und die Benutzererfahrung beim Surfen auf der Website zu verbessern. Die Hauptzwecke, f\u00fcr die Cookies von Drittanbietern verwendet werden, bestehen darin, Zugriffsstatistiken zu erhalten und Browsing-Informationen zu analysieren, d.\u00a0h. wie der Nutzer mit der Website interagiert.<\/span><\/p><p><span style=\"color: #212121;\">Die erhaltenen Informationen umfassen beispielsweise die Anzahl der besuchten Seiten, die Sprache, den Standort, von dem aus der Nutzer zugreift, die Anzahl der Nutzer, die darauf zugreifen, die H\u00e4ufigkeit und Wiederholung der Besuche, die Besuchszeit, den verwendeten Browser, den Betreiber und die Art des genutzten Ger\u00e4ts. Diese Informationen werden verwendet, um die Website zu verbessern und neue Bed\u00fcrfnisse zu erkennen, um den Nutzern Inhalte und\/oder Dienstleistungen von optimaler Qualit\u00e4t anzubieten. In jedem Fall werden die Informationen anonym gesammelt und Berichte \u00fcber Trends auf der Website erstellt, ohne dass einzelne Nutzer identifiziert werden.<\/span><\/p><p><span style=\"color: #212121;\">Weitere Informationen \u00fcber Cookies, Informationen zum Datenschutz oder die Beschreibung der Art der verwendeten Cookies, ihrer Hauptmerkmale, der Ablauffrist usw. finden Sie unter folgendem Link(en):<\/span><\/p><ul><li><span style=\"color: #212121;\">Google Analytics:<\/span> <a style=\"background-color: #ffffff; font-size: 1rem; color: #a3ba00;\" href=\"https:\/\/analytics.google.com\" target=\"_blank\" rel=\"noopener\">https:\/\/analytics.google.com<\/a><\/li><li><span style=\"color: #212121;\">Google Tag Manager:<\/span> <a style=\"background-color: #ffffff; font-size: 1rem; color: #a3ba00;\" href=\"https:\/\/tagmanager.google.com\/?hl=es\" target=\"_blank\" rel=\"noopener\">https:\/\/tagmanager.google.com\/?hl=es<\/a><\/li><li><span style=\"color: #212121;\">Fb Pixel:<\/span> <a style=\"background-color: #ffffff; font-size: 1rem; color: #a3ba00;\" href=\"https:\/\/es-es.facebook.com\/business\/learn\/facebook-ads-pixel\" target=\"_blank\" rel=\"noopener\">https:\/\/es-es.facebook.com\/business\/learn\/facebook-ads-pixel<\/a><\/li><\/ul><p><span style=\"color: #212121;\">Die f\u00fcr die Bereitstellung von Cookies verantwortliche(n) Stelle(n) kann\/k\u00f6nnen diese Informationen an Dritte weitergeben, sofern dies gesetzlich vorgeschrieben ist oder ein Dritter diese Informationen f\u00fcr diese Unternehmen verarbeitet.<\/span><\/p><p>\u00a0<\/p><p><span style=\"color: #333333;\"><b>Cookies f\u00fcr soziale Medien<\/b><\/span><\/p><p><span style=\"color: #212121;\">Gabitel integriert Plugins f\u00fcr soziale Netzwerke, die den Zugriff auf diese von der Website aus erm\u00f6glichen. Aus diesem Grund k\u00f6nnen Social-Media-Cookies im Browser des Nutzers gespeichert werden. Die Eigent\u00fcmer dieser sozialen Netzwerke haben ihre eigenen Datenschutz- und Cookie-Richtlinien und sind in jedem Fall f\u00fcr ihre eigenen Dateien und ihre eigenen Datenschutzpraktiken verantwortlich. Der Nutzer muss sich an diese wenden, um sich \u00fcber diese Cookies und gegebenenfalls die Verarbeitung seiner personenbezogenen Daten zu informieren. Zu Informationszwecken sind im Folgenden die Links aufgef\u00fchrt, \u00fcber die diese Datenschutz- und\/oder Cookie-Richtlinien eingesehen werden k\u00f6nnen:<\/span><\/p><ul><li><span style=\"color: #212121;\">Facebook<\/span><a style=\"background-color: #ffffff; font-size: 1rem; color: #a5ba00;\" href=\"https:\/\/www.facebook.com\/policies\/cookies\/\" target=\"_blank\" rel=\"noopener\">: https:\/\/www.facebook.com\/policies\/cookies\/<\/a><\/li><li><span style=\"color: #212121;\">X:<\/span> <a style=\"background-color: #ffffff; font-size: 1rem; color: #a5ba00;\" href=\"https:\/\/x.com\/es\/privacy\" target=\"_blank\" rel=\"noopener\">https:\/\/x.com\/es\/privacy<\/a><\/li><li><span style=\"color: #212121;\">LinkedIn<\/span><a style=\"background-color: #ffffff; font-size: 1rem; color: #a5ba00;\" href=\"https:\/\/www.linkedin.com\/legal\/cookie-policy?trk=hp-cookies\" target=\"_blank\" rel=\"noopener\">: https:\/\/www.linkedin.com\/legal\/cookie-policy?trk=hp-cookies<\/a><\/li><\/ul><p>\u00a0<\/p><p><span style=\"color: #333333;\"><b>Deaktivieren, Ablehnen und L\u00f6schen von Cookies<\/b><\/span><\/p><p><span style=\"color: #212121;\">Der Nutzer kann Cookies auf seinem Ger\u00e4t ganz oder teilweise \u00fcber die Einstellungen seines Browsers (einschlie\u00dflich z. B. Chrome, Firefox, Safari, Internet Explorer) deaktivieren, ablehnen oder l\u00f6schen. Die Verfahren zum Ablehnen und L\u00f6schen von Cookies k\u00f6nnen je nach Browser unterschiedlich sein. Folglich muss sich der Nutzer auf die Anweisungen des von ihm verwendeten Browsers beziehen. Wenn Sie die Verwendung von Cookies ganz oder teilweise ablehnen, k\u00f6nnen Sie die Website weiterhin nutzen, wobei jedoch einige Funktionen nur eingeschr\u00e4nkt verf\u00fcgbar sein k\u00f6nnen.<\/span><\/p>\t\t\t\t\t\t\t\t<\/div>\n\t\t\t\t<\/div>\n\t\t\t\t\t<\/div>\n\t\t\t\t<\/div>\n\t\t\t\t<\/div>\n\t\t","protected":false},"excerpt":{"rendered":"<p>COOKIE-RICHTLINIE COOKIE-RICHTLINIE Der Zugriff auf diese Website kann die Verwendung von Cookies beinhalten. Cookies sind kleine Informationsmengen, die in dem von jedem Benutzer verwendeten Browser gespeichert werden \u2013 auf den verschiedenen Ger\u00e4ten, die zum Surfen verwendet werden k\u00f6nnen \u2013, damit sich der Server bestimmte Informationen merkt, die sp\u00e4ter nur von dem Server gelesen werden, der [&hellip;]<\/p>\n","protected":false},"author":2,"featured_media":0,"parent":0,"menu_order":0,"comment_status":"closed","ping_status":"closed","template":"","meta":{"content-type":"","footnotes":""},"class_list":["post-31637","page","type-page","status-publish","hentry"],"yoast_head":"<!-- This site is optimized with the Yoast SEO plugin v27.5 - https:\/\/yoast.com\/product\/yoast-seo-wordpress\/ -->\n<title>Cookies - Gabitel<\/title>\n<meta name=\"robots\" content=\"index, follow, max-snippet:-1, max-image-preview:large, max-video-preview:-1\" \/>\n<link rel=\"canonical\" href=\"https:\/\/gabitel.net\/de\/cookies\/\" \/>\n<meta property=\"og:locale\" content=\"de_DE\" \/>\n<meta property=\"og:type\" content=\"article\" \/>\n<meta property=\"og:title\" content=\"Cookies - Gabitel\" \/>\n<meta property=\"og:description\" content=\"COOKIE-RICHTLINIE COOKIE-RICHTLINIE Der Zugriff auf diese Website kann die Verwendung von Cookies beinhalten. Cookies sind kleine Informationsmengen, die in dem von jedem Benutzer verwendeten Browser gespeichert werden \u2013 auf den verschiedenen Ger\u00e4ten, die zum Surfen verwendet werden k\u00f6nnen \u2013, damit sich der Server bestimmte Informationen merkt, die sp\u00e4ter nur von dem Server gelesen werden, der [&hellip;]\" \/>\n<meta property=\"og:url\" content=\"https:\/\/gabitel.net\/de\/cookies\/\" \/>\n<meta property=\"og:site_name\" content=\"Gabitel\" \/>\n<meta property=\"article:publisher\" content=\"https:\/\/www.facebook.com\/gabitelingenieros\/\" \/>\n<meta property=\"article:modified_time\" content=\"2025-07-01T10:54:34+00:00\" \/>\n<meta name=\"twitter:card\" content=\"summary_large_image\" \/>\n<meta name=\"twitter:label1\" content=\"Gesch\u00e4tzte Lesezeit\" \/>\n\t<meta name=\"twitter:data1\" content=\"5\u00a0Minuten\" \/>\n<script type=\"application\/ld+json\" class=\"yoast-schema-graph\">{\"@context\":\"https:\\\/\\\/schema.org\",\"@graph\":[{\"@type\":\"WebPage\",\"@id\":\"https:\\\/\\\/gabitel.net\\\/de\\\/cookies\\\/\",\"url\":\"https:\\\/\\\/gabitel.net\\\/de\\\/cookies\\\/\",\"name\":\"Cookies - Gabitel\",\"isPartOf\":{\"@id\":\"https:\\\/\\\/gabitel.net\\\/de\\\/#website\"},\"datePublished\":\"2025-05-22T13:56:53+00:00\",\"dateModified\":\"2025-07-01T10:54:34+00:00\",\"breadcrumb\":{\"@id\":\"https:\\\/\\\/gabitel.net\\\/de\\\/cookies\\\/#breadcrumb\"},\"inLanguage\":\"de\",\"potentialAction\":[{\"@type\":\"ReadAction\",\"target\":[\"https:\\\/\\\/gabitel.net\\\/de\\\/cookies\\\/\"]}]},{\"@type\":\"BreadcrumbList\",\"@id\":\"https:\\\/\\\/gabitel.net\\\/de\\\/cookies\\\/#breadcrumb\",\"itemListElement\":[{\"@type\":\"ListItem\",\"position\":1,\"name\":\"Portada\",\"item\":\"https:\\\/\\\/gabitel.net\\\/de\\\/\"},{\"@type\":\"ListItem\",\"position\":2,\"name\":\"Cookies\"}]},{\"@type\":\"WebSite\",\"@id\":\"https:\\\/\\\/gabitel.net\\\/de\\\/#website\",\"url\":\"https:\\\/\\\/gabitel.net\\\/de\\\/\",\"name\":\"Gabitel\",\"description\":\"\",\"publisher\":{\"@id\":\"https:\\\/\\\/gabitel.net\\\/de\\\/#organization\"},\"potentialAction\":[{\"@type\":\"SearchAction\",\"target\":{\"@type\":\"EntryPoint\",\"urlTemplate\":\"https:\\\/\\\/gabitel.net\\\/de\\\/?s={search_term_string}\"},\"query-input\":{\"@type\":\"PropertyValueSpecification\",\"valueRequired\":true,\"valueName\":\"search_term_string\"}}],\"inLanguage\":\"de\"},{\"@type\":\"Organization\",\"@id\":\"https:\\\/\\\/gabitel.net\\\/de\\\/#organization\",\"name\":\"Gabitel\",\"url\":\"https:\\\/\\\/gabitel.net\\\/de\\\/\",\"logo\":{\"@type\":\"ImageObject\",\"inLanguage\":\"de\",\"@id\":\"https:\\\/\\\/gabitel.net\\\/de\\\/#\\\/schema\\\/logo\\\/image\\\/\",\"url\":\"https:\\\/\\\/gabitel.net\\\/wp-content\\\/uploads\\\/2025\\\/05\\\/logo_gabitel.jpg\",\"contentUrl\":\"https:\\\/\\\/gabitel.net\\\/wp-content\\\/uploads\\\/2025\\\/05\\\/logo_gabitel.jpg\",\"width\":2560,\"height\":1330,\"caption\":\"Gabitel\"},\"image\":{\"@id\":\"https:\\\/\\\/gabitel.net\\\/de\\\/#\\\/schema\\\/logo\\\/image\\\/\"},\"sameAs\":[\"https:\\\/\\\/www.facebook.com\\\/gabitelingenieros\\\/\",\"https:\\\/\\\/es.linkedin.com\\\/company\\\/gabitel-ingenieros\"]}]}<\/script>\n<!-- \/ Yoast SEO plugin. -->","yoast_head_json":{"title":"Cookies - Gabitel","robots":{"index":"index","follow":"follow","max-snippet":"max-snippet:-1","max-image-preview":"max-image-preview:large","max-video-preview":"max-video-preview:-1"},"canonical":"https:\/\/gabitel.net\/de\/cookies\/","og_locale":"de_DE","og_type":"article","og_title":"Cookies - Gabitel","og_description":"COOKIE-RICHTLINIE COOKIE-RICHTLINIE Der Zugriff auf diese Website kann die Verwendung von Cookies beinhalten. Cookies sind kleine Informationsmengen, die in dem von jedem Benutzer verwendeten Browser gespeichert werden \u2013 auf den verschiedenen Ger\u00e4ten, die zum Surfen verwendet werden k\u00f6nnen \u2013, damit sich der Server bestimmte Informationen merkt, die sp\u00e4ter nur von dem Server gelesen werden, der [&hellip;]","og_url":"https:\/\/gabitel.net\/de\/cookies\/","og_site_name":"Gabitel","article_publisher":"https:\/\/www.facebook.com\/gabitelingenieros\/","article_modified_time":"2025-07-01T10:54:34+00:00","twitter_card":"summary_large_image","twitter_misc":{"Gesch\u00e4tzte Lesezeit":"5\u00a0Minuten"},"schema":{"@context":"https:\/\/schema.org","@graph":[{"@type":"WebPage","@id":"https:\/\/gabitel.net\/de\/cookies\/","url":"https:\/\/gabitel.net\/de\/cookies\/","name":"Cookies - Gabitel","isPartOf":{"@id":"https:\/\/gabitel.net\/de\/#website"},"datePublished":"2025-05-22T13:56:53+00:00","dateModified":"2025-07-01T10:54:34+00:00","breadcrumb":{"@id":"https:\/\/gabitel.net\/de\/cookies\/#breadcrumb"},"inLanguage":"de","potentialAction":[{"@type":"ReadAction","target":["https:\/\/gabitel.net\/de\/cookies\/"]}]},{"@type":"BreadcrumbList","@id":"https:\/\/gabitel.net\/de\/cookies\/#breadcrumb","itemListElement":[{"@type":"ListItem","position":1,"name":"Portada","item":"https:\/\/gabitel.net\/de\/"},{"@type":"ListItem","position":2,"name":"Cookies"}]},{"@type":"WebSite","@id":"https:\/\/gabitel.net\/de\/#website","url":"https:\/\/gabitel.net\/de\/","name":"Gabitel","description":"","publisher":{"@id":"https:\/\/gabitel.net\/de\/#organization"},"potentialAction":[{"@type":"SearchAction","target":{"@type":"EntryPoint","urlTemplate":"https:\/\/gabitel.net\/de\/?s={search_term_string}"},"query-input":{"@type":"PropertyValueSpecification","valueRequired":true,"valueName":"search_term_string"}}],"inLanguage":"de"},{"@type":"Organization","@id":"https:\/\/gabitel.net\/de\/#organization","name":"Gabitel","url":"https:\/\/gabitel.net\/de\/","logo":{"@type":"ImageObject","inLanguage":"de","@id":"https:\/\/gabitel.net\/de\/#\/schema\/logo\/image\/","url":"https:\/\/gabitel.net\/wp-content\/uploads\/2025\/05\/logo_gabitel.jpg","contentUrl":"https:\/\/gabitel.net\/wp-content\/uploads\/2025\/05\/logo_gabitel.jpg","width":2560,"height":1330,"caption":"Gabitel"},"image":{"@id":"https:\/\/gabitel.net\/de\/#\/schema\/logo\/image\/"},"sameAs":["https:\/\/www.facebook.com\/gabitelingenieros\/","https:\/\/es.linkedin.com\/company\/gabitel-ingenieros"]}]}},"_links":{"self":[{"href":"https:\/\/gabitel.net\/de\/wp-json\/wp\/v2\/pages\/31637","targetHints":{"allow":["GET"]}}],"collection":[{"href":"https:\/\/gabitel.net\/de\/wp-json\/wp\/v2\/pages"}],"about":[{"href":"https:\/\/gabitel.net\/de\/wp-json\/wp\/v2\/types\/page"}],"author":[{"embeddable":true,"href":"https:\/\/gabitel.net\/de\/wp-json\/wp\/v2\/users\/2"}],"replies":[{"embeddable":true,"href":"https:\/\/gabitel.net\/de\/wp-json\/wp\/v2\/comments?post=31637"}],"version-history":[{"count":4,"href":"https:\/\/gabitel.net\/de\/wp-json\/wp\/v2\/pages\/31637\/revisions"}],"predecessor-version":[{"id":31990,"href":"https:\/\/gabitel.net\/de\/wp-json\/wp\/v2\/pages\/31637\/revisions\/31990"}],"wp:attachment":[{"href":"https:\/\/gabitel.net\/de\/wp-json\/wp\/v2\/media?parent=31637"}],"curies":[{"name":"wp","href":"https:\/\/api.w.org\/{rel}","templated":true}]}}