{"id":31724,"date":"2025-06-02T09:35:50","date_gmt":"2025-06-02T07:35:50","guid":{"rendered":"https:\/\/gabitel.net\/unete-a-gabitel\/"},"modified":"2025-07-01T12:48:42","modified_gmt":"2025-07-01T10:48:42","slug":"werde-teil-von-gabitel","status":"publish","type":"page","link":"https:\/\/gabitel.net\/de\/werde-teil-von-gabitel\/","title":{"rendered":"Werden Sie Teil von Gabitel"},"content":{"rendered":"\t\t<div data-elementor-type=\"wp-page\" data-elementor-id=\"31724\" class=\"elementor elementor-31724 elementor-1121\" data-elementor-post-type=\"page\">\n\t\t\t\t<div class=\"elementor-element elementor-element-66669a2 e-flex e-con-boxed e-con e-parent\" data-id=\"66669a2\" data-element_type=\"container\" data-e-type=\"container\" data-settings=\"{&quot;background_background&quot;:&quot;classic&quot;}\">\n\t\t\t\t\t<div class=\"e-con-inner\">\n\t\t\t\t<div class=\"elementor-element elementor-element-59d2a20 elementor-widget elementor-widget-heading\" data-id=\"59d2a20\" data-element_type=\"widget\" data-e-type=\"widget\" data-widget_type=\"heading.default\">\n\t\t\t\t<div class=\"elementor-widget-container\">\n\t\t\t\t\t<h1 class=\"elementor-heading-title elementor-size-default\">WERDE TEIL VON GABITEL<\/h1>\t\t\t\t<\/div>\n\t\t\t\t<\/div>\n\t\t\t\t\t<\/div>\n\t\t\t\t<\/div>\n\t\t<div class=\"elementor-element elementor-element-5836939 e-flex e-con-boxed e-con e-parent\" data-id=\"5836939\" data-element_type=\"container\" data-e-type=\"container\">\n\t\t\t\t\t<div class=\"e-con-inner\">\n\t\t<div class=\"elementor-element elementor-element-c3609da e-con-full e-flex e-con e-child\" data-id=\"c3609da\" data-element_type=\"container\" data-e-type=\"container\">\n\t\t<div class=\"elementor-element elementor-element-bead347 e-con-full e-flex e-con e-child\" data-id=\"bead347\" data-element_type=\"container\" data-e-type=\"container\">\n\t\t\t\t<div class=\"elementor-element elementor-element-a7d060e elementor-widget__width-initial elementor-widget elementor-widget-text-editor\" data-id=\"a7d060e\" data-element_type=\"widget\" data-e-type=\"widget\" data-widget_type=\"text-editor.default\">\n\t\t\t\t<div class=\"elementor-widget-container\">\n\t\t\t\t\t\t\t\t\t<p>Schicken Sie uns Ihren Lebenslauf und wir setzen uns schnellstm\u00f6glich mit Ihnen in Verbindung.<\/p>\t\t\t\t\t\t\t\t<\/div>\n\t\t\t\t<\/div>\n\t\t\t\t<div class=\"elementor-element elementor-element-4a5781a elementor-widget elementor-widget-heading\" data-id=\"4a5781a\" data-element_type=\"widget\" data-e-type=\"widget\" data-widget_type=\"heading.default\">\n\t\t\t\t<div class=\"elementor-widget-container\">\n\t\t\t\t\t<h2 class=\"elementor-heading-title elementor-size-default\">Karriere bei Gabitel<\/h2>\t\t\t\t<\/div>\n\t\t\t\t<\/div>\n\t\t\t\t<\/div>\n\t\t<div class=\"elementor-element elementor-element-dc58d46 e-con-full e-flex e-con e-child\" data-id=\"dc58d46\" data-element_type=\"container\" data-e-type=\"container\">\n\t\t\t\t<div class=\"elementor-element elementor-element-9066de3 elementor-widget elementor-widget-shortcode\" data-id=\"9066de3\" data-element_type=\"widget\" data-e-type=\"widget\" data-widget_type=\"shortcode.default\">\n\t\t\t\t<div class=\"elementor-widget-container\">\n\t\t\t\t\t\t\t<div class=\"elementor-shortcode\"><div id=\"quform-d47328\" class=\"quform quform-6 quform-support-page-caching\"><form id=\"quform-form-d47328\" class=\"quform-form quform-form-6\" action=\"\/de\/wp-json\/wp\/v2\/pages\/31724#quform-d47328\" method=\"post\" enctype=\"multipart\/form-data\" novalidate=\"novalidate\" data-options=\"{&quot;id&quot;:6,&quot;uniqueId&quot;:&quot;d47328&quot;,&quot;theme&quot;:&quot;&quot;,&quot;ajax&quot;:true,&quot;logic&quot;:{&quot;logic&quot;:[],&quot;dependents&quot;:[],&quot;elementIds&quot;:[],&quot;dependentElementIds&quot;:[],&quot;animate&quot;:true},&quot;currentPageId&quot;:1,&quot;errorsIcon&quot;:&quot;&quot;,&quot;updateFancybox&quot;:true,&quot;hasPages&quot;:false,&quot;pages&quot;:[1],&quot;pageProgressType&quot;:&quot;numbers&quot;,&quot;tooltipsEnabled&quot;:true,&quot;tooltipClasses&quot;:&quot;qtip-quform-dark qtip-shadow&quot;,&quot;tooltipMy&quot;:&quot;left center&quot;,&quot;tooltipAt&quot;:&quot;right center&quot;,&quot;isRtl&quot;:false,&quot;scrollOffset&quot;:-50,&quot;scrollSpeed&quot;:800}\"><button class=\"quform-default-submit\" name=\"quform_submit\" type=\"submit\" value=\"submit\" aria-hidden=\"true\" tabindex=\"-1\"><\/button><div class=\"quform-form-inner quform-form-inner-6\"><input type=\"hidden\" name=\"quform_form_id\" value=\"6\" \/><input type=\"hidden\" name=\"quform_form_uid\" value=\"d47328\" \/><input type=\"hidden\" name=\"quform_count\" value=\"1\" \/><input type=\"hidden\" name=\"form_url\" value=\"https:\/\/gabitel.net\/de\/wp-json\/wp\/v2\/pages\/31724\" \/><input type=\"hidden\" name=\"referring_url\" value=\"\" \/><input type=\"hidden\" name=\"post_id\" value=\"\" \/><input type=\"hidden\" name=\"post_title\" value=\"\" \/><input type=\"hidden\" name=\"quform_current_page_id\" value=\"1\" \/><input type=\"hidden\" name=\"quform_loaded\" value=\"1777460634|50641dfbf96c32816ba575847d84ebc7\" \/><input type=\"hidden\" name=\"quform_csrf_token\" value=\"5rM1aNgM5DJSHMyURDML0cMqs7LYhqLMBUzsOLUD\" \/><div class=\"quform-elements quform-elements-6 quform-cf quform-responsive-elements-phone-landscape\"><div class=\"quform-element quform-element-page quform-page-1 quform-page-6_1 quform-cf quform-group-style-plain quform-first-page quform-last-page quform-current-page\"><div class=\"quform-child-elements\"><div class=\"quform-element quform-element-row quform-element-row-6_8 quform-2-columns quform-element-row-size-fixed quform-responsive-columns-phone-landscape\"><div class=\"quform-element quform-element-column quform-element-6_9\"><div class=\"quform-element quform-element-text quform-element-6_3 quform-cf quform-element-optional\"><div class=\"quform-spacer\"><div class=\"quform-inner quform-inner-text quform-inner-6_3 quform-field-size-medium\"><div class=\"quform-input quform-input-text quform-input-6_3 quform-cf\"><input type=\"text\" id=\"quform_6_3_d47328\" name=\"quform_6_3\" class=\"quform-field quform-field-text quform-field-6_3\" placeholder=\"Vorname und Nachname\" \/><\/div><\/div><\/div><\/div><\/div><div class=\"quform-element quform-element-column quform-element-6_10\"><div class=\"quform-element quform-element-text quform-element-6_4 quform-cf quform-element-optional\"><div class=\"quform-spacer\"><div class=\"quform-inner quform-inner-text quform-inner-6_4 quform-field-size-medium\"><div class=\"quform-input quform-input-text quform-input-6_4 quform-cf\"><input type=\"text\" id=\"quform_6_4_d47328\" name=\"quform_6_4\" class=\"quform-field quform-field-text quform-field-6_4\" placeholder=\"E-mail\" \/><\/div><\/div><\/div><\/div><\/div><\/div><div class=\"quform-element quform-element-text quform-element-6_5 quform-cf quform-element-optional\"><div class=\"quform-spacer\"><div class=\"quform-inner quform-inner-text quform-inner-6_5 quform-field-size-medium\"><div class=\"quform-input quform-input-text quform-input-6_5 quform-cf\"><input type=\"text\" id=\"quform_6_5_d47328\" name=\"quform_6_5\" class=\"quform-field quform-field-text quform-field-6_5\" placeholder=\"Betreff\" \/><\/div><\/div><\/div><\/div><div class=\"quform-element quform-element-textarea quform-element-6_6 quform-cf quform-element-optional\"><div class=\"quform-spacer\"><div class=\"quform-inner quform-inner-textarea quform-inner-6_6 quform-field-size-medium\"><div class=\"quform-input quform-input-textarea quform-input-6_6 quform-cf\"><textarea id=\"quform_6_6_d47328\" name=\"quform_6_6\" class=\"quform-field quform-field-textarea quform-field-6_6\" placeholder=\"Nachricht\"><\/textarea><\/div><\/div><\/div><\/div><div class=\"quform-element quform-element-file quform-element-6_7 quform-cf quform-element-optional\"><div class=\"quform-spacer\"><div class=\"quform-label quform-label-6_7\"><label class=\"quform-label-text\" for=\"quform_6_7_d47328\">Datei anh\u00e4ngen<\/label><\/div><div class=\"quform-inner quform-inner-file quform-inner-6_7 quform-field-size-medium\"><div class=\"quform-input quform-input-file quform-input-6_7 quform-cf quform-button-style-pills\"><input type=\"file\" id=\"quform_6_7_d47328\" name=\"quform_6_7[]\" class=\"quform-field quform-field-file quform-field-6_7 quform-field-file-enhanced\" data-config=\"{&quot;id&quot;:7,&quot;identifier&quot;:&quot;6_7&quot;,&quot;name&quot;:&quot;quform_6_7&quot;,&quot;max&quot;:1,&quot;size&quot;:2097152,&quot;allowedExtensions&quot;:[&quot;pdf&quot;],&quot;notAllowedTypeWithFilename&quot;:&quot; Der Dateityp von \\u201e%filename%\\u201c ist nicht zul\\u00e4ssig.&quot;,&quot;tooBigWithFilename&quot;:&quot;Die Datei \\u201e%filename%\\u201c \\u00fcberschreitet die maximal zul\\u00e4ssige Dateigr\\u00f6\\u00dfe.&quot;,&quot;tooMany&quot;:&quot;Sie k\\u00f6nnen nicht mehr als %max% Datei(en) hochladen.&quot;,&quot;buttonType&quot;:&quot;button&quot;,&quot;buttonText&quot;:&quot;Datei ausw\\u00e4hlen&quot;,&quot;buttonIcon&quot;:&quot;qicon-file_upload&quot;,&quot;buttonIconPosition&quot;:&quot;right&quot;}\" \/><\/div><label id=\"quform_6_7_d47328_sub_label_below\" class=\"quform-sub-label quform-sub-label-below\">Maximale Dateigr\u00f6\u00dfe: 2\u202fMB. Erlaubtes Format: PDF.<\/label><\/div><\/div><\/div><div class=\"quform-element quform-element-checkbox quform-element-6_11 quform-cf quform-element-required\"><div class=\"quform-spacer\"><div class=\"quform-inner quform-inner-checkbox quform-inner-6_11 quform-field-size-medium\"><div class=\"quform-input quform-input-checkbox quform-input-6_11 quform-cf\"><div class=\"quform-options quform-cf quform-options-block quform-options-simple\"><div class=\"quform-option\"><input type=\"checkbox\" name=\"quform_6_11[]\" id=\"quform_6_11_d47328_1\" class=\"quform-field quform-field-checkbox quform-field-6_11 quform-field-6_11_1\" value=\"Ich habe die &lt;a href=&quot;\/rechtlicher-hinweis\/&quot; target=&quot;_blank&quot; style=&quot;color: #7dba00&quot;&gt;Datenschutzerkl\u00e4rung&lt;\/a&gt; sowie die unter diesem Formular erl\u00e4uterte Datenverarbeitung gelesen und akzeptiere sie.\" \/><label for=\"quform_6_11_d47328_1\" class=\"quform-option-label quform-option-label-6_11_1\"><span class=\"quform-option-text\">Ich habe die <a href=\"\/rechtlicher-hinweis\/\" target=\"_blank\" style=\"color: #7dba00\">Datenschutzerkl\u00e4rung<\/a> sowie die unter diesem Formular erl\u00e4uterte Datenverarbeitung gelesen und akzeptiere sie.<\/span><\/label><\/div><\/div><\/div><\/div><\/div><\/div><div class=\"quform-element quform-element-textarea quform-element-6_172536 quform-sr-only quform-cf\" style=\"clip: rect(1px, 1px, 1px, 1px); clip-path: inset(50%); position: absolute !important; height: 1px; width: 1px; overflow: hidden;\"><div class=\"quform-spacer\"><div class=\"quform-label quform-label-6_172536\"><label class=\"quform-label-text\" for=\"quform_6_172536_d47328\">Phone Number<span class=\"quform-required\">*<\/span><\/label><\/div><div class=\"quform-inner quform-inner-6_172536\"><textarea id=\"quform_6_172536_d47328\" name=\"quform_6_172536\" class=\"quform-field quform-field-textarea quform-field-6_172536\" tabindex=\"-1\" autocomplete=\"new-password\"><\/textarea><\/div><\/div><\/div><div class=\"quform-element quform-element-recaptcha quform-element-6_16 quform-cf quform-element-required quform-recaptcha-no-size\"><div class=\"quform-spacer\"><div class=\"quform-inner quform-inner-recaptcha quform-inner-6_16 quform-field-size-medium\"><div class=\"quform-input quform-input-recaptcha quform-input-6_16 quform-cf\"><div class=\"quform-recaptcha\" data-config=\"{&quot;sitekey&quot;:&quot;6Lde_PQrAAAAABitOO3d_A-rLJx5f-iDYp653OX5&quot;,&quot;_version&quot;:&quot;v3&quot;,&quot;size&quot;:&quot;invisible&quot;,&quot;type&quot;:&quot;image&quot;,&quot;theme&quot;:&quot;light&quot;,&quot;badge&quot;:&quot;bottomright&quot;}\"><\/div><noscript>Please enable JavaScript to submit this form.<\/noscript><\/div><\/div><\/div><\/div><div class=\"quform-element quform-element-submit quform-element-6_2 quform-cf quform-button-style-theme\"><div class=\"quform-button-submit quform-button-submit-html quform-button-submit-6_2\"><button name=\"quform_submit\" type=\"submit\" class=\"quform-submit\" value=\"submit\">  <button type=\"submit\" style=\"background-color: #16963a;color: white;border: none;padding: 12px 24px;border-radius: 6px;font-size: 16px;font-weight: bold;cursor: pointer\">\n    Senden\n  <\/button><\/button><\/div><div class=\"quform-loading quform-loading-position-left quform-loading-type-spinner-1\"><div class=\"quform-loading-inner\"><div class=\"quform-loading-spinner\"><div class=\"quform-loading-spinner-inner\"><\/div><\/div><\/div><\/div><\/div><\/div><\/div><\/div><div class=\"quform-upload-progress-wrap\"><div class=\"quform-upload-progress-bar-wrap\"><div class=\"quform-upload-progress-bar\"><\/div><\/div><div class=\"quform-upload-info quform-cf\"><div class=\"quform-upload-filename\"><\/div><\/div><\/div><\/div><\/form><\/div><\/div>\n\t\t\t\t\t\t<\/div>\n\t\t\t\t<\/div>\n\t\t\t\t<\/div>\n\t\t\t\t<\/div>\n\t\t<div class=\"elementor-element elementor-element-35e964d e-con-full e-flex e-con e-child\" data-id=\"35e964d\" data-element_type=\"container\" data-e-type=\"container\">\n\t\t\t\t<div class=\"elementor-element elementor-element-163d7e6 elementor-widget elementor-widget-text-editor\" data-id=\"163d7e6\" data-element_type=\"widget\" data-e-type=\"widget\" data-widget_type=\"text-editor.default\">\n\t\t\t\t<div class=\"elementor-widget-container\">\n\t\t\t\t\t\t\t\t\t<p><strong>GABITEL SOLUCIONES T\u00c9CNICAS S.L.<\/strong> ist der Verantwortliche f\u00fcr die Verarbeitung der personenbezogenen Daten der betroffenen Person und informiert dar\u00fcber, dass diese Daten gem\u00e4\u00df der Verordnung (EU) 2016\/679 vom 27. April (DSGVO) sowie dem Organgesetz 3\/2018 vom 5. Dezember (LOPDGDD) zum berechtigten Interesse des Verantwortlichen verarbeitet werden. Im Folgenden finden Sie Informationen \u00fcber die Verarbeitung:<\/p><p><strong>Zwecke der Verarbeitung:<\/strong> Aufnahme des Interessenten in den Auswahlprozess, Analyse des Bewerberprofils, um den geeignetsten Kandidaten f\u00fcr die vakante Stelle auszuw\u00e4hlen.<\/p><p><strong>Rechtsgrundlage der Verarbeitung:<\/strong> Einwilligung der betroffenen Person durch eine eindeutige Handlung (Art. 6 Abs. 1 lit. a DSGVO).<\/p><p><strong>Registrierung von Lebensl\u00e4ufen:<\/strong> Wir weisen darauf hin, dass dies das einzige offizielle Verfahren zur Einreichung Ihres Lebenslaufs ist. Lebensl\u00e4ufe, die \u00fcber andere Wege eingereicht werden, k\u00f6nnen nicht ber\u00fccksichtigt werden.<\/p><p><strong>Speicherdauer der Daten:<\/strong> Die Daten werden f\u00fcr maximal ein Jahr gespeichert und anschlie\u00dfend gel\u00f6scht, um die vollst\u00e4ndige Vertraulichkeit w\u00e4hrend der Verarbeitung und L\u00f6schung sicherzustellen. Bitte senden Sie uns nach Ablauf dieses Zeitraums Ihren Lebenslauf erneut, wenn Sie weiterhin am Auswahlverfahren teilnehmen m\u00f6chten.<\/p><p><strong>Aktualisierung der Daten:<\/strong> \u00c4nderungen Ihrer Daten teilen Sie uns bitte umgehend schriftlich mit, damit wir Ihre Daten entsprechend aktualisieren k\u00f6nnen.<\/p><p><strong>Weitergabe der Daten:<\/strong> Ihre Daten k\u00f6nnen w\u00e4hrend der Aufbewahrungsdauer zu den genannten Zwecken verarbeitet und\/oder an Unternehmen unserer Unternehmensgruppe weitergegeben werden (deren Adressen auf dieser Website ver\u00f6ffentlicht sind).<\/p><p><strong>Rechte der betroffenen Person:<\/strong><\/p><ul><li>Recht auf Widerruf der Einwilligung jederzeit.<\/li><li>Recht auf Auskunft, Berichtigung, Daten\u00fcbertragbarkeit, L\u00f6schung sowie Einschr\u00e4nkung oder Widerspruch gegen die Verarbeitung.<\/li><li>Recht, Beschwerde bei der Aufsichtsbeh\u00f6rde (www.aepd.es) einzureichen, wenn Sie der Ansicht sind, dass die Verarbeitung nicht rechtskonform erfolgt.<\/li><\/ul><p><strong>Kontaktdaten zur Aus\u00fcbung Ihrer Rechte:<\/strong> Diese finden Sie auf der Website <a href=\"https:\/\/www.gabitel.net\" target=\"_blank\" rel=\"noopener\">https:\/\/www.gabitel.net<\/a> und per E-Mail unter <a href=\"mailto:gabitel@gabitel.net\">gabitel@gabitel.net<\/a>.<\/p>\t\t\t\t\t\t\t\t<\/div>\n\t\t\t\t<\/div>\n\t\t\t\t<\/div>\n\t\t\t\t\t<\/div>\n\t\t\t\t<\/div>\n\t\t\t\t<\/div>\n\t\t","protected":false},"excerpt":{"rendered":"<p>WERDE TEIL VON GABITEL Schicken Sie uns Ihren Lebenslauf und wir setzen uns schnellstm\u00f6glich mit Ihnen in Verbindung. Karriere bei Gabitel GABITEL SOLUCIONES T\u00c9CNICAS S.L. ist der Verantwortliche f\u00fcr die Verarbeitung der personenbezogenen Daten der betroffenen Person und informiert dar\u00fcber, dass diese Daten gem\u00e4\u00df der Verordnung (EU) 2016\/679 vom 27. April (DSGVO) sowie dem Organgesetz [&hellip;]<\/p>\n","protected":false},"author":2,"featured_media":0,"parent":0,"menu_order":0,"comment_status":"closed","ping_status":"closed","template":"","meta":{"content-type":"","footnotes":""},"class_list":["post-31724","page","type-page","status-publish","hentry"],"yoast_head":"<!-- This site is optimized with the Yoast SEO plugin v27.5 - https:\/\/yoast.com\/product\/yoast-seo-wordpress\/ -->\n<title>Werden Sie Teil von Gabitel - Gabitel<\/title>\n<meta name=\"robots\" content=\"index, follow, max-snippet:-1, max-image-preview:large, max-video-preview:-1\" \/>\n<link rel=\"canonical\" href=\"https:\/\/gabitel.net\/de\/werde-teil-von-gabitel\/\" \/>\n<meta property=\"og:locale\" content=\"de_DE\" \/>\n<meta property=\"og:type\" content=\"article\" \/>\n<meta property=\"og:title\" content=\"Werden Sie Teil von Gabitel - Gabitel\" \/>\n<meta property=\"og:description\" content=\"WERDE TEIL VON GABITEL Schicken Sie uns Ihren Lebenslauf und wir setzen uns schnellstm\u00f6glich mit Ihnen in Verbindung. Karriere bei Gabitel GABITEL SOLUCIONES T\u00c9CNICAS S.L. ist der Verantwortliche f\u00fcr die Verarbeitung der personenbezogenen Daten der betroffenen Person und informiert dar\u00fcber, dass diese Daten gem\u00e4\u00df der Verordnung (EU) 2016\/679 vom 27. April (DSGVO) sowie dem Organgesetz [&hellip;]\" \/>\n<meta property=\"og:url\" content=\"https:\/\/gabitel.net\/de\/werde-teil-von-gabitel\/\" \/>\n<meta property=\"og:site_name\" content=\"Gabitel\" \/>\n<meta property=\"article:publisher\" content=\"https:\/\/www.facebook.com\/gabitelingenieros\/\" \/>\n<meta property=\"article:modified_time\" content=\"2025-07-01T10:48:42+00:00\" \/>\n<meta name=\"twitter:card\" content=\"summary_large_image\" \/>\n<meta name=\"twitter:label1\" content=\"Gesch\u00e4tzte Lesezeit\" \/>\n\t<meta name=\"twitter:data1\" content=\"2\u00a0Minuten\" \/>\n<script type=\"application\/ld+json\" class=\"yoast-schema-graph\">{\"@context\":\"https:\\\/\\\/schema.org\",\"@graph\":[{\"@type\":\"WebPage\",\"@id\":\"https:\\\/\\\/gabitel.net\\\/de\\\/werde-teil-von-gabitel\\\/\",\"url\":\"https:\\\/\\\/gabitel.net\\\/de\\\/werde-teil-von-gabitel\\\/\",\"name\":\"Werden Sie Teil von Gabitel - Gabitel\",\"isPartOf\":{\"@id\":\"https:\\\/\\\/gabitel.net\\\/de\\\/#website\"},\"datePublished\":\"2025-06-02T07:35:50+00:00\",\"dateModified\":\"2025-07-01T10:48:42+00:00\",\"breadcrumb\":{\"@id\":\"https:\\\/\\\/gabitel.net\\\/de\\\/werde-teil-von-gabitel\\\/#breadcrumb\"},\"inLanguage\":\"de\",\"potentialAction\":[{\"@type\":\"ReadAction\",\"target\":[\"https:\\\/\\\/gabitel.net\\\/de\\\/werde-teil-von-gabitel\\\/\"]}]},{\"@type\":\"BreadcrumbList\",\"@id\":\"https:\\\/\\\/gabitel.net\\\/de\\\/werde-teil-von-gabitel\\\/#breadcrumb\",\"itemListElement\":[{\"@type\":\"ListItem\",\"position\":1,\"name\":\"Portada\",\"item\":\"https:\\\/\\\/gabitel.net\\\/de\\\/\"},{\"@type\":\"ListItem\",\"position\":2,\"name\":\"Werden Sie Teil von Gabitel\"}]},{\"@type\":\"WebSite\",\"@id\":\"https:\\\/\\\/gabitel.net\\\/de\\\/#website\",\"url\":\"https:\\\/\\\/gabitel.net\\\/de\\\/\",\"name\":\"Gabitel\",\"description\":\"\",\"publisher\":{\"@id\":\"https:\\\/\\\/gabitel.net\\\/de\\\/#organization\"},\"potentialAction\":[{\"@type\":\"SearchAction\",\"target\":{\"@type\":\"EntryPoint\",\"urlTemplate\":\"https:\\\/\\\/gabitel.net\\\/de\\\/?s={search_term_string}\"},\"query-input\":{\"@type\":\"PropertyValueSpecification\",\"valueRequired\":true,\"valueName\":\"search_term_string\"}}],\"inLanguage\":\"de\"},{\"@type\":\"Organization\",\"@id\":\"https:\\\/\\\/gabitel.net\\\/de\\\/#organization\",\"name\":\"Gabitel\",\"url\":\"https:\\\/\\\/gabitel.net\\\/de\\\/\",\"logo\":{\"@type\":\"ImageObject\",\"inLanguage\":\"de\",\"@id\":\"https:\\\/\\\/gabitel.net\\\/de\\\/#\\\/schema\\\/logo\\\/image\\\/\",\"url\":\"https:\\\/\\\/gabitel.net\\\/wp-content\\\/uploads\\\/2025\\\/05\\\/logo_gabitel.jpg\",\"contentUrl\":\"https:\\\/\\\/gabitel.net\\\/wp-content\\\/uploads\\\/2025\\\/05\\\/logo_gabitel.jpg\",\"width\":2560,\"height\":1330,\"caption\":\"Gabitel\"},\"image\":{\"@id\":\"https:\\\/\\\/gabitel.net\\\/de\\\/#\\\/schema\\\/logo\\\/image\\\/\"},\"sameAs\":[\"https:\\\/\\\/www.facebook.com\\\/gabitelingenieros\\\/\",\"https:\\\/\\\/es.linkedin.com\\\/company\\\/gabitel-ingenieros\"]}]}<\/script>\n<!-- \/ Yoast SEO plugin. -->","yoast_head_json":{"title":"Werden Sie Teil von Gabitel - Gabitel","robots":{"index":"index","follow":"follow","max-snippet":"max-snippet:-1","max-image-preview":"max-image-preview:large","max-video-preview":"max-video-preview:-1"},"canonical":"https:\/\/gabitel.net\/de\/werde-teil-von-gabitel\/","og_locale":"de_DE","og_type":"article","og_title":"Werden Sie Teil von Gabitel - Gabitel","og_description":"WERDE TEIL VON GABITEL Schicken Sie uns Ihren Lebenslauf und wir setzen uns schnellstm\u00f6glich mit Ihnen in Verbindung. Karriere bei Gabitel GABITEL SOLUCIONES T\u00c9CNICAS S.L. ist der Verantwortliche f\u00fcr die Verarbeitung der personenbezogenen Daten der betroffenen Person und informiert dar\u00fcber, dass diese Daten gem\u00e4\u00df der Verordnung (EU) 2016\/679 vom 27. April (DSGVO) sowie dem Organgesetz [&hellip;]","og_url":"https:\/\/gabitel.net\/de\/werde-teil-von-gabitel\/","og_site_name":"Gabitel","article_publisher":"https:\/\/www.facebook.com\/gabitelingenieros\/","article_modified_time":"2025-07-01T10:48:42+00:00","twitter_card":"summary_large_image","twitter_misc":{"Gesch\u00e4tzte Lesezeit":"2\u00a0Minuten"},"schema":{"@context":"https:\/\/schema.org","@graph":[{"@type":"WebPage","@id":"https:\/\/gabitel.net\/de\/werde-teil-von-gabitel\/","url":"https:\/\/gabitel.net\/de\/werde-teil-von-gabitel\/","name":"Werden Sie Teil von Gabitel - Gabitel","isPartOf":{"@id":"https:\/\/gabitel.net\/de\/#website"},"datePublished":"2025-06-02T07:35:50+00:00","dateModified":"2025-07-01T10:48:42+00:00","breadcrumb":{"@id":"https:\/\/gabitel.net\/de\/werde-teil-von-gabitel\/#breadcrumb"},"inLanguage":"de","potentialAction":[{"@type":"ReadAction","target":["https:\/\/gabitel.net\/de\/werde-teil-von-gabitel\/"]}]},{"@type":"BreadcrumbList","@id":"https:\/\/gabitel.net\/de\/werde-teil-von-gabitel\/#breadcrumb","itemListElement":[{"@type":"ListItem","position":1,"name":"Portada","item":"https:\/\/gabitel.net\/de\/"},{"@type":"ListItem","position":2,"name":"Werden Sie Teil von Gabitel"}]},{"@type":"WebSite","@id":"https:\/\/gabitel.net\/de\/#website","url":"https:\/\/gabitel.net\/de\/","name":"Gabitel","description":"","publisher":{"@id":"https:\/\/gabitel.net\/de\/#organization"},"potentialAction":[{"@type":"SearchAction","target":{"@type":"EntryPoint","urlTemplate":"https:\/\/gabitel.net\/de\/?s={search_term_string}"},"query-input":{"@type":"PropertyValueSpecification","valueRequired":true,"valueName":"search_term_string"}}],"inLanguage":"de"},{"@type":"Organization","@id":"https:\/\/gabitel.net\/de\/#organization","name":"Gabitel","url":"https:\/\/gabitel.net\/de\/","logo":{"@type":"ImageObject","inLanguage":"de","@id":"https:\/\/gabitel.net\/de\/#\/schema\/logo\/image\/","url":"https:\/\/gabitel.net\/wp-content\/uploads\/2025\/05\/logo_gabitel.jpg","contentUrl":"https:\/\/gabitel.net\/wp-content\/uploads\/2025\/05\/logo_gabitel.jpg","width":2560,"height":1330,"caption":"Gabitel"},"image":{"@id":"https:\/\/gabitel.net\/de\/#\/schema\/logo\/image\/"},"sameAs":["https:\/\/www.facebook.com\/gabitelingenieros\/","https:\/\/es.linkedin.com\/company\/gabitel-ingenieros"]}]}},"_links":{"self":[{"href":"https:\/\/gabitel.net\/de\/wp-json\/wp\/v2\/pages\/31724","targetHints":{"allow":["GET"]}}],"collection":[{"href":"https:\/\/gabitel.net\/de\/wp-json\/wp\/v2\/pages"}],"about":[{"href":"https:\/\/gabitel.net\/de\/wp-json\/wp\/v2\/types\/page"}],"author":[{"embeddable":true,"href":"https:\/\/gabitel.net\/de\/wp-json\/wp\/v2\/users\/2"}],"replies":[{"embeddable":true,"href":"https:\/\/gabitel.net\/de\/wp-json\/wp\/v2\/comments?post=31724"}],"version-history":[{"count":5,"href":"https:\/\/gabitel.net\/de\/wp-json\/wp\/v2\/pages\/31724\/revisions"}],"predecessor-version":[{"id":31984,"href":"https:\/\/gabitel.net\/de\/wp-json\/wp\/v2\/pages\/31724\/revisions\/31984"}],"wp:attachment":[{"href":"https:\/\/gabitel.net\/de\/wp-json\/wp\/v2\/media?parent=31724"}],"curies":[{"name":"wp","href":"https:\/\/api.w.org\/{rel}","templated":true}]}}