{"id":32404,"date":"2025-07-16T13:03:08","date_gmt":"2025-07-16T11:03:08","guid":{"rendered":"https:\/\/gabitel.net\/objetivos-catedra-gabitel\/"},"modified":"2025-07-18T08:28:05","modified_gmt":"2025-07-18T06:28:05","slug":"ziele-des-gabitel-lehrstuhls","status":"publish","type":"page","link":"https:\/\/gabitel.net\/de\/lehrstuhl\/ziele-des-gabitel-lehrstuhls\/","title":{"rendered":"Ziele des Gabitel-Lehrstuhls"},"content":{"rendered":"\t\t<div data-elementor-type=\"wp-page\" data-elementor-id=\"32404\" class=\"elementor elementor-32404 elementor-32260\" data-elementor-post-type=\"page\">\n\t\t\t\t<div class=\"elementor-element elementor-element-66669a2 e-flex e-con-boxed e-con e-parent\" data-id=\"66669a2\" data-element_type=\"container\" data-e-type=\"container\" data-settings=\"{&quot;background_background&quot;:&quot;classic&quot;}\">\n\t\t\t\t\t<div class=\"e-con-inner\">\n\t\t\t\t<div class=\"elementor-element elementor-element-59d2a20 elementor-widget__width-inherit elementor-widget elementor-widget-heading\" data-id=\"59d2a20\" data-element_type=\"widget\" data-e-type=\"widget\" data-widget_type=\"heading.default\">\n\t\t\t\t<div class=\"elementor-widget-container\">\n\t\t\t\t\t<h1 class=\"elementor-heading-title elementor-size-default\">HANDLUNGSFELDER<\/h1>\t\t\t\t<\/div>\n\t\t\t\t<\/div>\n\t\t\t\t\t<\/div>\n\t\t\t\t<\/div>\n\t\t<div class=\"elementor-element elementor-element-72ba899 e-con-full e-flex e-con e-parent\" data-id=\"72ba899\" data-element_type=\"container\" data-e-type=\"container\">\n\t\t\t\t<div class=\"elementor-element elementor-element-213d26e elementor-widget__width-initial elementor-widget elementor-widget-text-editor\" data-id=\"213d26e\" data-element_type=\"widget\" data-e-type=\"widget\" data-widget_type=\"text-editor.default\">\n\t\t\t\t<div class=\"elementor-widget-container\">\n\t\t\t\t\t\t\t\t\t<p>Der GABITEL-Lehrstuhl f\u00fcr Wasserstoff entwickelt die folgenden spezifischen Ma\u00dfnahmen:<\/p>\n\n<p>1. Ma\u00dfnahmen im Zusammenhang mit Forschung, Wissenstransfer und Ausbildung im Bereich der Produktion von gr\u00fcnem Wasserstoff.<\/p>\n\n<p>2. Ma\u00dfnahmen im Zusammenhang mit der F\u00f6rderung nationaler und internationaler Treffen von Experten im Bereich der Produktion von gr\u00fcnem Wasserstoff.<\/p>\n\n<p>3. Jede andere Forschungs-, Wissenstransfer-, Ausbildungs-, internationale Projektions- oder Kooperationsaktivit\u00e4t, die im Rahmen des Lehrstuhlrates vereinbart wird.<\/p>\t\t\t\t\t\t\t\t<\/div>\n\t\t\t\t<\/div>\n\t\t\t\t<div class=\"elementor-element elementor-element-ce4db49 elementor-align-right boton-volver elementor-widget elementor-widget-button\" data-id=\"ce4db49\" data-element_type=\"widget\" data-e-type=\"widget\" data-widget_type=\"button.default\">\n\t\t\t\t<div class=\"elementor-widget-container\">\n\t\t\t\t\t\t\t\t\t<div class=\"elementor-button-wrapper\">\n\t\t\t\t\t<a class=\"elementor-button elementor-button-link elementor-size-sm\" href=\"https:\/\/gabitel.net\/de\/lehrstuhl\/\">\n\t\t\t\t\t\t<span class=\"elementor-button-content-wrapper\">\n\t\t\t\t\t\t<span class=\"elementor-button-icon\">\n\t\t\t\t<svg aria-hidden=\"true\" class=\"e-font-icon-svg e-fas-angle-up\" viewBox=\"0 0 320 512\" xmlns=\"http:\/\/www.w3.org\/2000\/svg\"><path d=\"M177 159.7l136 136c9.4 9.4 9.4 24.6 0 33.9l-22.6 22.6c-9.4 9.4-24.6 9.4-33.9 0L160 255.9l-96.4 96.4c-9.4 9.4-24.6 9.4-33.9 0L7 329.7c-9.4-9.4-9.4-24.6 0-33.9l136-136c9.4-9.5 24.6-9.5 34-.1z\"><\/path><\/svg>\t\t\t<\/span>\n\t\t\t\t\t\t\t\t\t<span class=\"elementor-button-text\">ZUR\u00dcCK<\/span>\n\t\t\t\t\t<\/span>\n\t\t\t\t\t<\/a>\n\t\t\t\t<\/div>\n\t\t\t\t\t\t\t\t<\/div>\n\t\t\t\t<\/div>\n\t\t\t\t<\/div>\n\t\t\t\t<\/div>\n\t\t","protected":false},"excerpt":{"rendered":"<p>HANDLUNGSFELDER Der GABITEL-Lehrstuhl f\u00fcr Wasserstoff entwickelt die folgenden spezifischen Ma\u00dfnahmen: 1. Ma\u00dfnahmen im Zusammenhang mit Forschung, Wissenstransfer und Ausbildung im Bereich der Produktion von gr\u00fcnem Wasserstoff. 2. Ma\u00dfnahmen im Zusammenhang mit der F\u00f6rderung nationaler und internationaler Treffen von Experten im Bereich der Produktion von gr\u00fcnem Wasserstoff. 3. Jede andere Forschungs-, Wissenstransfer-, Ausbildungs-, internationale Projektions- oder [&hellip;]<\/p>\n","protected":false},"author":2,"featured_media":0,"parent":32414,"menu_order":0,"comment_status":"closed","ping_status":"closed","template":"","meta":{"content-type":"","footnotes":""},"class_list":["post-32404","page","type-page","status-publish","hentry"],"yoast_head":"<!-- This site is optimized with the Yoast SEO plugin v27.5 - https:\/\/yoast.com\/product\/yoast-seo-wordpress\/ -->\n<title>Ziele des Gabitel-Lehrstuhls - Gabitel<\/title>\n<meta name=\"description\" content=\"Gabitel in Huelva und Sevilla bietet Telekommunikationstechnik FTTH: Design, Bereitstellung und Beratung mit nationaler und internationaler Reichweite.\" \/>\n<meta name=\"robots\" content=\"index, follow, max-snippet:-1, max-image-preview:large, max-video-preview:-1\" \/>\n<link rel=\"canonical\" href=\"https:\/\/gabitel.net\/de\/lehrstuhl\/ziele-des-gabitel-lehrstuhls\/\" \/>\n<meta property=\"og:locale\" content=\"de_DE\" \/>\n<meta property=\"og:type\" content=\"article\" \/>\n<meta property=\"og:title\" content=\"Ziele des Gabitel-Lehrstuhls - Gabitel\" \/>\n<meta property=\"og:description\" content=\"Gabitel in Huelva und Sevilla bietet Telekommunikationstechnik FTTH: Design, Bereitstellung und Beratung mit nationaler und internationaler Reichweite.\" \/>\n<meta property=\"og:url\" content=\"https:\/\/gabitel.net\/de\/lehrstuhl\/ziele-des-gabitel-lehrstuhls\/\" \/>\n<meta property=\"og:site_name\" content=\"Gabitel\" \/>\n<meta property=\"article:publisher\" content=\"https:\/\/www.facebook.com\/gabitelingenieros\/\" \/>\n<meta property=\"article:modified_time\" content=\"2025-07-18T06:28:05+00:00\" \/>\n<meta name=\"twitter:card\" content=\"summary_large_image\" \/>\n<meta name=\"twitter:label1\" content=\"Gesch\u00e4tzte Lesezeit\" \/>\n\t<meta name=\"twitter:data1\" content=\"1\u00a0Minute\" \/>\n<script type=\"application\/ld+json\" class=\"yoast-schema-graph\">{\"@context\":\"https:\\\/\\\/schema.org\",\"@graph\":[{\"@type\":\"WebPage\",\"@id\":\"https:\\\/\\\/gabitel.net\\\/de\\\/lehrstuhl\\\/ziele-des-gabitel-lehrstuhls\\\/\",\"url\":\"https:\\\/\\\/gabitel.net\\\/de\\\/lehrstuhl\\\/ziele-des-gabitel-lehrstuhls\\\/\",\"name\":\"Ziele des Gabitel-Lehrstuhls - Gabitel\",\"isPartOf\":{\"@id\":\"https:\\\/\\\/gabitel.net\\\/de\\\/#website\"},\"datePublished\":\"2025-07-16T11:03:08+00:00\",\"dateModified\":\"2025-07-18T06:28:05+00:00\",\"description\":\"Gabitel in Huelva und Sevilla bietet Telekommunikationstechnik FTTH: Design, Bereitstellung und Beratung mit nationaler und internationaler Reichweite.\",\"breadcrumb\":{\"@id\":\"https:\\\/\\\/gabitel.net\\\/de\\\/lehrstuhl\\\/ziele-des-gabitel-lehrstuhls\\\/#breadcrumb\"},\"inLanguage\":\"de\",\"potentialAction\":[{\"@type\":\"ReadAction\",\"target\":[\"https:\\\/\\\/gabitel.net\\\/de\\\/lehrstuhl\\\/ziele-des-gabitel-lehrstuhls\\\/\"]}]},{\"@type\":\"BreadcrumbList\",\"@id\":\"https:\\\/\\\/gabitel.net\\\/de\\\/lehrstuhl\\\/ziele-des-gabitel-lehrstuhls\\\/#breadcrumb\",\"itemListElement\":[{\"@type\":\"ListItem\",\"position\":1,\"name\":\"Portada\",\"item\":\"https:\\\/\\\/gabitel.net\\\/de\\\/\"},{\"@type\":\"ListItem\",\"position\":2,\"name\":\"Ziele des Gabitel-Lehrstuhls\"}]},{\"@type\":\"WebSite\",\"@id\":\"https:\\\/\\\/gabitel.net\\\/de\\\/#website\",\"url\":\"https:\\\/\\\/gabitel.net\\\/de\\\/\",\"name\":\"Gabitel\",\"description\":\"\",\"publisher\":{\"@id\":\"https:\\\/\\\/gabitel.net\\\/de\\\/#organization\"},\"potentialAction\":[{\"@type\":\"SearchAction\",\"target\":{\"@type\":\"EntryPoint\",\"urlTemplate\":\"https:\\\/\\\/gabitel.net\\\/de\\\/?s={search_term_string}\"},\"query-input\":{\"@type\":\"PropertyValueSpecification\",\"valueRequired\":true,\"valueName\":\"search_term_string\"}}],\"inLanguage\":\"de\"},{\"@type\":\"Organization\",\"@id\":\"https:\\\/\\\/gabitel.net\\\/de\\\/#organization\",\"name\":\"Gabitel\",\"url\":\"https:\\\/\\\/gabitel.net\\\/de\\\/\",\"logo\":{\"@type\":\"ImageObject\",\"inLanguage\":\"de\",\"@id\":\"https:\\\/\\\/gabitel.net\\\/de\\\/#\\\/schema\\\/logo\\\/image\\\/\",\"url\":\"https:\\\/\\\/gabitel.net\\\/wp-content\\\/uploads\\\/2025\\\/05\\\/logo_gabitel.jpg\",\"contentUrl\":\"https:\\\/\\\/gabitel.net\\\/wp-content\\\/uploads\\\/2025\\\/05\\\/logo_gabitel.jpg\",\"width\":2560,\"height\":1330,\"caption\":\"Gabitel\"},\"image\":{\"@id\":\"https:\\\/\\\/gabitel.net\\\/de\\\/#\\\/schema\\\/logo\\\/image\\\/\"},\"sameAs\":[\"https:\\\/\\\/www.facebook.com\\\/gabitelingenieros\\\/\",\"https:\\\/\\\/es.linkedin.com\\\/company\\\/gabitel-ingenieros\"]}]}<\/script>\n<!-- \/ Yoast SEO plugin. -->","yoast_head_json":{"title":"Ziele des Gabitel-Lehrstuhls - Gabitel","description":"Gabitel in Huelva und Sevilla bietet Telekommunikationstechnik FTTH: Design, Bereitstellung und Beratung mit nationaler und internationaler Reichweite.","robots":{"index":"index","follow":"follow","max-snippet":"max-snippet:-1","max-image-preview":"max-image-preview:large","max-video-preview":"max-video-preview:-1"},"canonical":"https:\/\/gabitel.net\/de\/lehrstuhl\/ziele-des-gabitel-lehrstuhls\/","og_locale":"de_DE","og_type":"article","og_title":"Ziele des Gabitel-Lehrstuhls - Gabitel","og_description":"Gabitel in Huelva und Sevilla bietet Telekommunikationstechnik FTTH: Design, Bereitstellung und Beratung mit nationaler und internationaler Reichweite.","og_url":"https:\/\/gabitel.net\/de\/lehrstuhl\/ziele-des-gabitel-lehrstuhls\/","og_site_name":"Gabitel","article_publisher":"https:\/\/www.facebook.com\/gabitelingenieros\/","article_modified_time":"2025-07-18T06:28:05+00:00","twitter_card":"summary_large_image","twitter_misc":{"Gesch\u00e4tzte Lesezeit":"1\u00a0Minute"},"schema":{"@context":"https:\/\/schema.org","@graph":[{"@type":"WebPage","@id":"https:\/\/gabitel.net\/de\/lehrstuhl\/ziele-des-gabitel-lehrstuhls\/","url":"https:\/\/gabitel.net\/de\/lehrstuhl\/ziele-des-gabitel-lehrstuhls\/","name":"Ziele des Gabitel-Lehrstuhls - Gabitel","isPartOf":{"@id":"https:\/\/gabitel.net\/de\/#website"},"datePublished":"2025-07-16T11:03:08+00:00","dateModified":"2025-07-18T06:28:05+00:00","description":"Gabitel in Huelva und Sevilla bietet Telekommunikationstechnik FTTH: Design, Bereitstellung und Beratung mit nationaler und internationaler Reichweite.","breadcrumb":{"@id":"https:\/\/gabitel.net\/de\/lehrstuhl\/ziele-des-gabitel-lehrstuhls\/#breadcrumb"},"inLanguage":"de","potentialAction":[{"@type":"ReadAction","target":["https:\/\/gabitel.net\/de\/lehrstuhl\/ziele-des-gabitel-lehrstuhls\/"]}]},{"@type":"BreadcrumbList","@id":"https:\/\/gabitel.net\/de\/lehrstuhl\/ziele-des-gabitel-lehrstuhls\/#breadcrumb","itemListElement":[{"@type":"ListItem","position":1,"name":"Portada","item":"https:\/\/gabitel.net\/de\/"},{"@type":"ListItem","position":2,"name":"Ziele des Gabitel-Lehrstuhls"}]},{"@type":"WebSite","@id":"https:\/\/gabitel.net\/de\/#website","url":"https:\/\/gabitel.net\/de\/","name":"Gabitel","description":"","publisher":{"@id":"https:\/\/gabitel.net\/de\/#organization"},"potentialAction":[{"@type":"SearchAction","target":{"@type":"EntryPoint","urlTemplate":"https:\/\/gabitel.net\/de\/?s={search_term_string}"},"query-input":{"@type":"PropertyValueSpecification","valueRequired":true,"valueName":"search_term_string"}}],"inLanguage":"de"},{"@type":"Organization","@id":"https:\/\/gabitel.net\/de\/#organization","name":"Gabitel","url":"https:\/\/gabitel.net\/de\/","logo":{"@type":"ImageObject","inLanguage":"de","@id":"https:\/\/gabitel.net\/de\/#\/schema\/logo\/image\/","url":"https:\/\/gabitel.net\/wp-content\/uploads\/2025\/05\/logo_gabitel.jpg","contentUrl":"https:\/\/gabitel.net\/wp-content\/uploads\/2025\/05\/logo_gabitel.jpg","width":2560,"height":1330,"caption":"Gabitel"},"image":{"@id":"https:\/\/gabitel.net\/de\/#\/schema\/logo\/image\/"},"sameAs":["https:\/\/www.facebook.com\/gabitelingenieros\/","https:\/\/es.linkedin.com\/company\/gabitel-ingenieros"]}]}},"_links":{"self":[{"href":"https:\/\/gabitel.net\/de\/wp-json\/wp\/v2\/pages\/32404","targetHints":{"allow":["GET"]}}],"collection":[{"href":"https:\/\/gabitel.net\/de\/wp-json\/wp\/v2\/pages"}],"about":[{"href":"https:\/\/gabitel.net\/de\/wp-json\/wp\/v2\/types\/page"}],"author":[{"embeddable":true,"href":"https:\/\/gabitel.net\/de\/wp-json\/wp\/v2\/users\/2"}],"replies":[{"embeddable":true,"href":"https:\/\/gabitel.net\/de\/wp-json\/wp\/v2\/comments?post=32404"}],"version-history":[{"count":3,"href":"https:\/\/gabitel.net\/de\/wp-json\/wp\/v2\/pages\/32404\/revisions"}],"predecessor-version":[{"id":32443,"href":"https:\/\/gabitel.net\/de\/wp-json\/wp\/v2\/pages\/32404\/revisions\/32443"}],"up":[{"embeddable":true,"href":"https:\/\/gabitel.net\/de\/wp-json\/wp\/v2\/pages\/32414"}],"wp:attachment":[{"href":"https:\/\/gabitel.net\/de\/wp-json\/wp\/v2\/media?parent=32404"}],"curies":[{"name":"wp","href":"https:\/\/api.w.org\/{rel}","templated":true}]}}