{"id":32408,"date":"2025-07-17T12:00:33","date_gmt":"2025-07-17T10:00:33","guid":{"rendered":"https:\/\/gabitel.net\/contacto-catedra\/"},"modified":"2025-07-18T08:30:49","modified_gmt":"2025-07-18T06:30:49","slug":"kontakt-lehrstuhl","status":"publish","type":"page","link":"https:\/\/gabitel.net\/de\/lehrstuhl\/kontakt-lehrstuhl\/","title":{"rendered":"Kontakt Lehrstuhl"},"content":{"rendered":"\t\t<div data-elementor-type=\"wp-page\" data-elementor-id=\"32408\" class=\"elementor elementor-32408 elementor-32325\" data-elementor-post-type=\"page\">\n\t\t\t\t<div class=\"elementor-element elementor-element-66669a2 e-flex e-con-boxed e-con e-parent\" data-id=\"66669a2\" data-element_type=\"container\" data-e-type=\"container\" data-settings=\"{&quot;background_background&quot;:&quot;classic&quot;}\">\n\t\t\t\t\t<div class=\"e-con-inner\">\n\t\t\t\t<div class=\"elementor-element elementor-element-59d2a20 elementor-widget__width-inherit elementor-widget elementor-widget-heading\" data-id=\"59d2a20\" data-element_type=\"widget\" data-e-type=\"widget\" data-widget_type=\"heading.default\">\n\t\t\t\t<div class=\"elementor-widget-container\">\n\t\t\t\t\t<h1 class=\"elementor-heading-title elementor-size-default\">KONTAKT LEHRSTUHL<\/h1>\t\t\t\t<\/div>\n\t\t\t\t<\/div>\n\t\t\t\t\t<\/div>\n\t\t\t\t<\/div>\n\t\t<div class=\"elementor-element elementor-element-6c4600b e-flex e-con-boxed e-con e-parent\" data-id=\"6c4600b\" data-element_type=\"container\" data-e-type=\"container\">\n\t\t\t\t\t<div class=\"e-con-inner\">\n\t\t<div class=\"elementor-element elementor-element-fcc5db9 e-con-full e-flex e-con e-child\" data-id=\"fcc5db9\" data-element_type=\"container\" data-e-type=\"container\">\n\t\t<div class=\"elementor-element elementor-element-3dd2393 e-con-full e-flex e-con e-child\" data-id=\"3dd2393\" data-element_type=\"container\" data-e-type=\"container\">\n\t\t\t\t<div class=\"elementor-element elementor-element-46c27d0 elementor-widget elementor-widget-heading\" data-id=\"46c27d0\" data-element_type=\"widget\" data-e-type=\"widget\" data-widget_type=\"heading.default\">\n\t\t\t\t<div class=\"elementor-widget-container\">\n\t\t\t\t\t<h2 class=\"elementor-heading-title elementor-size-default\">M\u00f6chten Sie uns kontaktieren?<\/h2>\t\t\t\t<\/div>\n\t\t\t\t<\/div>\n\t\t\t\t<div class=\"elementor-element elementor-element-ba97938 elementor-widget elementor-widget-shortcode\" data-id=\"ba97938\" data-element_type=\"widget\" data-e-type=\"widget\" data-widget_type=\"shortcode.default\">\n\t\t\t\t<div class=\"elementor-widget-container\">\n\t\t\t\t\t\t\t<div class=\"elementor-shortcode\"><div id=\"quform-d53fad\" class=\"quform quform-9 quform-support-page-caching\"><form id=\"quform-form-d53fad\" class=\"quform-form quform-form-9\" action=\"\/de\/wp-json\/wp\/v2\/pages\/32408#quform-d53fad\" method=\"post\" enctype=\"multipart\/form-data\" novalidate=\"novalidate\" data-options=\"{&quot;id&quot;:9,&quot;uniqueId&quot;:&quot;d53fad&quot;,&quot;theme&quot;:&quot;&quot;,&quot;ajax&quot;:true,&quot;logic&quot;:{&quot;logic&quot;:[],&quot;dependents&quot;:[],&quot;elementIds&quot;:[],&quot;dependentElementIds&quot;:[],&quot;animate&quot;:true},&quot;currentPageId&quot;:1,&quot;errorsIcon&quot;:&quot;&quot;,&quot;updateFancybox&quot;:true,&quot;hasPages&quot;:false,&quot;pages&quot;:[1],&quot;pageProgressType&quot;:&quot;numbers&quot;,&quot;tooltipsEnabled&quot;:true,&quot;tooltipClasses&quot;:&quot;qtip-quform-dark qtip-shadow&quot;,&quot;tooltipMy&quot;:&quot;left center&quot;,&quot;tooltipAt&quot;:&quot;right center&quot;,&quot;isRtl&quot;:false,&quot;scrollOffset&quot;:-50,&quot;scrollSpeed&quot;:800}\"><button class=\"quform-default-submit\" name=\"quform_submit\" type=\"submit\" value=\"submit\" aria-hidden=\"true\" tabindex=\"-1\"><\/button><div class=\"quform-form-inner quform-form-inner-9\"><input type=\"hidden\" name=\"quform_form_id\" value=\"9\" \/><input type=\"hidden\" name=\"quform_form_uid\" value=\"d53fad\" \/><input type=\"hidden\" name=\"quform_count\" value=\"1\" \/><input type=\"hidden\" name=\"form_url\" value=\"https:\/\/gabitel.net\/de\/wp-json\/wp\/v2\/pages\/32408\" \/><input type=\"hidden\" name=\"referring_url\" value=\"\" \/><input type=\"hidden\" name=\"post_id\" value=\"\" \/><input type=\"hidden\" name=\"post_title\" value=\"\" \/><input type=\"hidden\" name=\"quform_current_page_id\" value=\"1\" \/><input type=\"hidden\" name=\"quform_loaded\" value=\"1777420073|76d07c9bcfef7439aedf813148f8d90b\" \/><input type=\"hidden\" name=\"quform_csrf_token\" value=\"F7Wk8G7GHkWiVRZvnNN2VP0Fi74HHIAlRhknA6XS\" \/><div class=\"quform-elements quform-elements-9 quform-cf quform-responsive-elements-phone-landscape\"><div class=\"quform-element quform-element-page quform-page-1 quform-page-9_1 quform-cf quform-group-style-plain quform-first-page quform-last-page quform-current-page\"><div class=\"quform-child-elements\"><div class=\"quform-element quform-element-row quform-element-row-9_8 quform-2-columns quform-element-row-size-fixed quform-responsive-columns-phone-landscape\"><div class=\"quform-element quform-element-column quform-element-9_9\"><div class=\"quform-element quform-element-text quform-element-9_3 quform-cf quform-element-optional\"><div class=\"quform-spacer\"><div class=\"quform-inner quform-inner-text quform-inner-9_3 quform-field-size-medium\"><div class=\"quform-input quform-input-text quform-input-9_3 quform-cf\"><input type=\"text\" id=\"quform_9_3_d53fad\" name=\"quform_9_3\" class=\"quform-field quform-field-text quform-field-9_3\" placeholder=\"Vorname und Nachname\" \/><\/div><\/div><\/div><\/div><\/div><div class=\"quform-element quform-element-column quform-element-9_10\"><div class=\"quform-element quform-element-text quform-element-9_4 quform-cf quform-element-optional\"><div class=\"quform-spacer\"><div class=\"quform-inner quform-inner-text quform-inner-9_4 quform-field-size-medium\"><div class=\"quform-input quform-input-text quform-input-9_4 quform-cf\"><input type=\"text\" id=\"quform_9_4_d53fad\" name=\"quform_9_4\" class=\"quform-field quform-field-text quform-field-9_4\" placeholder=\"E-mail\" \/><\/div><\/div><\/div><\/div><\/div><\/div><div class=\"quform-element quform-element-text quform-element-9_5 quform-cf quform-element-optional\"><div class=\"quform-spacer\"><div class=\"quform-inner quform-inner-text quform-inner-9_5 quform-field-size-medium\"><div class=\"quform-input quform-input-text quform-input-9_5 quform-cf\"><input type=\"text\" id=\"quform_9_5_d53fad\" name=\"quform_9_5\" class=\"quform-field quform-field-text quform-field-9_5\" placeholder=\"Betreff\" \/><\/div><\/div><\/div><\/div><div class=\"quform-element quform-element-textarea quform-element-9_6 quform-cf quform-element-optional\"><div class=\"quform-spacer\"><div class=\"quform-inner quform-inner-textarea quform-inner-9_6 quform-field-size-medium\"><div class=\"quform-input quform-input-textarea quform-input-9_6 quform-cf\"><textarea id=\"quform_9_6_d53fad\" name=\"quform_9_6\" class=\"quform-field quform-field-textarea quform-field-9_6\" placeholder=\"Nachricht\"><\/textarea><\/div><\/div><\/div><\/div><div class=\"quform-element quform-element-file quform-element-9_7 quform-cf quform-element-optional\"><div class=\"quform-spacer\"><div class=\"quform-label quform-label-9_7\"><label class=\"quform-label-text\" for=\"quform_9_7_d53fad\">Datei anh\u00e4ngen<\/label><\/div><div class=\"quform-inner quform-inner-file quform-inner-9_7 quform-field-size-medium\"><div class=\"quform-input quform-input-file quform-input-9_7 quform-cf quform-button-style-pills\"><input type=\"file\" id=\"quform_9_7_d53fad\" name=\"quform_9_7[]\" class=\"quform-field quform-field-file quform-field-9_7 quform-field-file-enhanced\" data-config=\"{&quot;id&quot;:7,&quot;identifier&quot;:&quot;9_7&quot;,&quot;name&quot;:&quot;quform_9_7&quot;,&quot;max&quot;:1,&quot;size&quot;:2097152,&quot;allowedExtensions&quot;:[&quot;pdf&quot;],&quot;notAllowedTypeWithFilename&quot;:&quot;Der Dateityp von \\u201e%filename%\\u201c ist nicht zul\\u00e4ssig.&quot;,&quot;tooBigWithFilename&quot;:&quot;Die Datei \\u201e%filename%\\u201c \\u00fcberschreitet die maximal zul\\u00e4ssige Dateigr\\u00f6\\u00dfe.&quot;,&quot;tooMany&quot;:&quot;Sie k\\u00f6nnen nicht mehr als %max% Datei(en) hochladen.&quot;,&quot;buttonType&quot;:&quot;button&quot;,&quot;buttonText&quot;:&quot;Datei ausw\\u00e4hlen&quot;,&quot;buttonIcon&quot;:&quot;qicon-file_upload&quot;,&quot;buttonIconPosition&quot;:&quot;right&quot;}\" \/><\/div><label id=\"quform_9_7_d53fad_sub_label_below\" class=\"quform-sub-label quform-sub-label-below\">Maximale Dateigr\u00f6\u00dfe: 2\u202fMB. Erlaubtes Format: PDF.<\/label><\/div><\/div><\/div><div class=\"quform-element quform-element-textarea quform-element-9_398351 quform-sr-only quform-cf\" style=\"clip: rect(1px, 1px, 1px, 1px); clip-path: inset(50%); position: absolute !important; height: 1px; width: 1px; overflow: hidden;\"><div class=\"quform-spacer\"><div class=\"quform-label quform-label-9_398351\"><label class=\"quform-label-text\" for=\"quform_9_398351_d53fad\">Phone Number<span class=\"quform-required\">*<\/span><\/label><\/div><div class=\"quform-inner quform-inner-9_398351\"><textarea id=\"quform_9_398351_d53fad\" name=\"quform_9_398351\" class=\"quform-field quform-field-textarea quform-field-9_398351\" tabindex=\"-1\" autocomplete=\"new-password\"><\/textarea><\/div><\/div><\/div><div class=\"quform-element quform-element-checkbox quform-element-9_11 quform-cf quform-element-required\"><div class=\"quform-spacer\"><div class=\"quform-inner quform-inner-checkbox quform-inner-9_11 quform-field-size-medium\"><div class=\"quform-input quform-input-checkbox quform-input-9_11 quform-cf\"><div class=\"quform-options quform-cf quform-options-block quform-options-simple\"><div class=\"quform-option\"><input type=\"checkbox\" name=\"quform_9_11[]\" id=\"quform_9_11_d53fad_1\" class=\"quform-field quform-field-checkbox quform-field-9_11 quform-field-9_11_1\" value=\"Ich habe die &lt;a href=&quot;\/rechtlicher-hinweis\/&quot; target=&quot;_blank&quot; style=&quot;color: #7dba00&quot;&gt;Datenschutzerkl\u00e4rung&lt;\/a&gt; gelesen und stimme ihr zu.\" \/><label for=\"quform_9_11_d53fad_1\" class=\"quform-option-label quform-option-label-9_11_1\"><span class=\"quform-option-text\">Ich habe die <a href=\"\/rechtlicher-hinweis\/\" target=\"_blank\" style=\"color: #7dba00\">Datenschutzerkl\u00e4rung<\/a> gelesen und stimme ihr zu.<\/span><\/label><\/div><\/div><\/div><\/div><\/div><\/div><div class=\"quform-element quform-element-html quform-element-9_15 quform-cf\"><div class=\"quform-spacer\"><p style=\"font-size: 0.75em;\">\nGABITEL SOLUCIONES T\u00c9CNICAS S.L. (mit dem Handelsnamen GABITEL) informiert dich dar\u00fcber, dass die personenbezogenen Daten, die du durch das Ausf\u00fcllen dieses Formulars angibst, von GABITEL verarbeitet werden, um dich als Kontakt zu registrieren und dir den auf dieser Seite angebotenen Service bereitzustellen. Die Daten werden in den im Verzeichnis der Verarbeitungst\u00e4tigkeiten aufgef\u00fchrten Systemen gespeichert, das der Spanischen Datenschutzbeh\u00f6rde zur Verf\u00fcgung steht. Du kannst deine Rechte auf Auskunft, Berichtigung, L\u00f6schung, Widerspruch, Einschr\u00e4nkung der Verarbeitung und Daten\u00fcbertragbarkeit aus\u00fcben, indem du dich schriftlich an folgende Adresse wendest: gabitel@gabitel.net. Ebenso hast du das Recht, eine Beschwerde bei einer Aufsichtsbeh\u00f6rde einzureichen. \nRechtsgrundlage: Mit dem Ankreuzen des K\u00e4stchens zur Zustimmung erteilst du deine ausdr\u00fcckliche Einwilligung, dass deine Daten entsprechend den in diesem Formular beschriebenen Zwecken gem\u00e4\u00df unserer <span style=\"color: #7dba00;\"><a style=\"color: #7dba00;\" href=\"https:\/\/webdev.gabitel.net\/rechtlicher-hinweis\/\" target=\"_blank\" rel=\"noopener\">Datenschutzerkl\u00e4rung<\/a><\/span> verarbeitet werden. \nWenn du die als obligatorisch gekennzeichneten Felder nicht ausf\u00fcllst, kann dies zur Folge haben, dass wir deine Anfrage nicht bearbeiten k\u00f6nnen. Weitere ausf\u00fchrliche Informationen zum Datenschutz findest du auf unserer Website: https:\/\/gabitelingenieros.com sowie in unserer <span style=\"color: #7dba00;\"><a style=\"color: #7dba00;\" href=\"https:\/\/webdev.gabitel.net\/rechtlicher-hinweis\/\" target=\"_blank\" rel=\"noopener\">Datenschutzerkl\u00e4rung<\/a><\/span>.\n<\/p>\n<\/div><\/div><div class=\"quform-element quform-element-recaptcha quform-element-9_16 quform-cf quform-element-required quform-recaptcha-no-size\"><div class=\"quform-spacer\"><div class=\"quform-inner quform-inner-recaptcha quform-inner-9_16 quform-field-size-medium\"><div class=\"quform-input quform-input-recaptcha quform-input-9_16 quform-cf\"><div class=\"quform-recaptcha\" data-config=\"{&quot;sitekey&quot;:&quot;6Lde_PQrAAAAABitOO3d_A-rLJx5f-iDYp653OX5&quot;,&quot;_version&quot;:&quot;v3&quot;,&quot;size&quot;:&quot;invisible&quot;,&quot;type&quot;:&quot;image&quot;,&quot;theme&quot;:&quot;light&quot;,&quot;badge&quot;:&quot;bottomright&quot;}\"><\/div><noscript>Please enable JavaScript to submit this form.<\/noscript><\/div><\/div><\/div><\/div><div class=\"quform-element quform-element-submit quform-element-9_2 quform-cf quform-button-style-theme\"><div class=\"quform-button-submit quform-button-submit-html quform-button-submit-9_2\"><button name=\"quform_submit\" type=\"submit\" class=\"quform-submit\" value=\"submit\">  <button type=\"submit\" style=\"background-color: #7dba00;color: white;border: none;padding: 12px 24px;border-radius: 6px;font-size: 16px;font-weight: bold;cursor: pointer\">\n    Senden\n  <\/button><\/button><\/div><div class=\"quform-loading quform-loading-position-left quform-loading-type-spinner-1\"><div class=\"quform-loading-inner\"><div class=\"quform-loading-spinner\"><div class=\"quform-loading-spinner-inner\"><\/div><\/div><\/div><\/div><\/div><\/div><\/div><\/div><div class=\"quform-upload-progress-wrap\"><div class=\"quform-upload-progress-bar-wrap\"><div class=\"quform-upload-progress-bar\"><\/div><\/div><div class=\"quform-upload-info quform-cf\"><div class=\"quform-upload-filename\"><\/div><\/div><\/div><\/div><\/form><\/div><\/div>\n\t\t\t\t\t\t<\/div>\n\t\t\t\t<\/div>\n\t\t\t\t<\/div>\n\t\t<div class=\"elementor-element elementor-element-1d8395c e-con-full e-flex e-con e-child\" data-id=\"1d8395c\" data-element_type=\"container\" data-e-type=\"container\">\n\t\t\t\t<div class=\"elementor-element elementor-element-15fb3b6 elementor-widget__width-initial elementor-widget elementor-widget-text-editor\" data-id=\"15fb3b6\" data-element_type=\"widget\" data-e-type=\"widget\" data-widget_type=\"text-editor.default\">\n\t\t\t\t<div class=\"elementor-widget-container\">\n\t\t\t\t\t\t\t\t\t<p>Wenn Sie uns bez\u00fcglich des Gabitel-Lehrstuhls kontaktieren m\u00f6chten, k\u00f6nnen Sie uns Ihre Anfrage \u00fcber dieses Formular senden.<\/p>\t\t\t\t\t\t\t\t<\/div>\n\t\t\t\t<\/div>\n\t\t\t\t<div class=\"elementor-element elementor-element-eb0a41c elementor-widget elementor-widget-heading\" data-id=\"eb0a41c\" data-element_type=\"widget\" data-e-type=\"widget\" data-widget_type=\"heading.default\">\n\t\t\t\t<div class=\"elementor-widget-container\">\n\t\t\t\t\t<h2 class=\"elementor-heading-title elementor-size-default\">F\u00fcr jegliche Anfragen<\/h2>\t\t\t\t<\/div>\n\t\t\t\t<\/div>\n\t\t\t\t<\/div>\n\t\t\t\t<\/div>\n\t\t\t\t<div class=\"elementor-element elementor-element-021e865 elementor-align-right boton-volver elementor-widget elementor-widget-button\" data-id=\"021e865\" data-element_type=\"widget\" data-e-type=\"widget\" data-widget_type=\"button.default\">\n\t\t\t\t<div class=\"elementor-widget-container\">\n\t\t\t\t\t\t\t\t\t<div class=\"elementor-button-wrapper\">\n\t\t\t\t\t<a class=\"elementor-button elementor-button-link elementor-size-sm\" href=\"https:\/\/gabitel.net\/de\/lehrstuhl\/\">\n\t\t\t\t\t\t<span class=\"elementor-button-content-wrapper\">\n\t\t\t\t\t\t<span class=\"elementor-button-icon\">\n\t\t\t\t<svg aria-hidden=\"true\" class=\"e-font-icon-svg e-fas-angle-up\" viewBox=\"0 0 320 512\" xmlns=\"http:\/\/www.w3.org\/2000\/svg\"><path d=\"M177 159.7l136 136c9.4 9.4 9.4 24.6 0 33.9l-22.6 22.6c-9.4 9.4-24.6 9.4-33.9 0L160 255.9l-96.4 96.4c-9.4 9.4-24.6 9.4-33.9 0L7 329.7c-9.4-9.4-9.4-24.6 0-33.9l136-136c9.4-9.5 24.6-9.5 34-.1z\"><\/path><\/svg>\t\t\t<\/span>\n\t\t\t\t\t\t\t\t\t<span class=\"elementor-button-text\">ZUR\u00dcCK<\/span>\n\t\t\t\t\t<\/span>\n\t\t\t\t\t<\/a>\n\t\t\t\t<\/div>\n\t\t\t\t\t\t\t\t<\/div>\n\t\t\t\t<\/div>\n\t\t\t\t\t<\/div>\n\t\t\t\t<\/div>\n\t\t\t\t<\/div>\n\t\t","protected":false},"excerpt":{"rendered":"<p>KONTAKT LEHRSTUHL M\u00f6chten Sie uns kontaktieren? Wenn Sie uns bez\u00fcglich des Gabitel-Lehrstuhls kontaktieren m\u00f6chten, k\u00f6nnen Sie uns Ihre Anfrage \u00fcber dieses Formular senden. F\u00fcr jegliche Anfragen ZUR\u00dcCK<\/p>\n","protected":false},"author":2,"featured_media":0,"parent":32414,"menu_order":0,"comment_status":"closed","ping_status":"closed","template":"","meta":{"content-type":"","footnotes":""},"class_list":["post-32408","page","type-page","status-publish","hentry"],"yoast_head":"<!-- This site is optimized with the Yoast SEO plugin v27.4 - https:\/\/yoast.com\/product\/yoast-seo-wordpress\/ -->\n<title>Kontakt Lehrstuhl - Gabitel<\/title>\n<meta name=\"description\" content=\"Gabitel in Huelva und Sevilla bietet Telekommunikationstechnik FTTH: Design, Bereitstellung und Beratung mit nationaler und internationaler Reichweite.\" \/>\n<meta name=\"robots\" content=\"index, follow, max-snippet:-1, max-image-preview:large, max-video-preview:-1\" \/>\n<link rel=\"canonical\" href=\"https:\/\/gabitel.net\/de\/lehrstuhl\/kontakt-lehrstuhl\/\" \/>\n<meta property=\"og:locale\" content=\"de_DE\" \/>\n<meta property=\"og:type\" content=\"article\" \/>\n<meta property=\"og:title\" content=\"Kontakt Lehrstuhl - Gabitel\" \/>\n<meta property=\"og:description\" content=\"Gabitel in Huelva und Sevilla bietet Telekommunikationstechnik FTTH: Design, Bereitstellung und Beratung mit nationaler und internationaler Reichweite.\" \/>\n<meta property=\"og:url\" content=\"https:\/\/gabitel.net\/de\/lehrstuhl\/kontakt-lehrstuhl\/\" \/>\n<meta property=\"og:site_name\" content=\"Gabitel\" \/>\n<meta property=\"article:publisher\" content=\"https:\/\/www.facebook.com\/gabitelingenieros\/\" \/>\n<meta property=\"article:modified_time\" content=\"2025-07-18T06:30:49+00:00\" \/>\n<meta name=\"twitter:card\" content=\"summary_large_image\" \/>\n<meta name=\"twitter:label1\" content=\"Gesch\u00e4tzte Lesezeit\" \/>\n\t<meta name=\"twitter:data1\" content=\"1\u00a0Minute\" \/>\n<script type=\"application\/ld+json\" class=\"yoast-schema-graph\">{\"@context\":\"https:\\\/\\\/schema.org\",\"@graph\":[{\"@type\":\"WebPage\",\"@id\":\"https:\\\/\\\/gabitel.net\\\/de\\\/lehrstuhl\\\/kontakt-lehrstuhl\\\/\",\"url\":\"https:\\\/\\\/gabitel.net\\\/de\\\/lehrstuhl\\\/kontakt-lehrstuhl\\\/\",\"name\":\"Kontakt Lehrstuhl - Gabitel\",\"isPartOf\":{\"@id\":\"https:\\\/\\\/gabitel.net\\\/de\\\/#website\"},\"datePublished\":\"2025-07-17T10:00:33+00:00\",\"dateModified\":\"2025-07-18T06:30:49+00:00\",\"description\":\"Gabitel in Huelva und Sevilla bietet Telekommunikationstechnik FTTH: Design, Bereitstellung und Beratung mit nationaler und internationaler Reichweite.\",\"breadcrumb\":{\"@id\":\"https:\\\/\\\/gabitel.net\\\/de\\\/lehrstuhl\\\/kontakt-lehrstuhl\\\/#breadcrumb\"},\"inLanguage\":\"de\",\"potentialAction\":[{\"@type\":\"ReadAction\",\"target\":[\"https:\\\/\\\/gabitel.net\\\/de\\\/lehrstuhl\\\/kontakt-lehrstuhl\\\/\"]}]},{\"@type\":\"BreadcrumbList\",\"@id\":\"https:\\\/\\\/gabitel.net\\\/de\\\/lehrstuhl\\\/kontakt-lehrstuhl\\\/#breadcrumb\",\"itemListElement\":[{\"@type\":\"ListItem\",\"position\":1,\"name\":\"Portada\",\"item\":\"https:\\\/\\\/gabitel.net\\\/de\\\/\"},{\"@type\":\"ListItem\",\"position\":2,\"name\":\"Kontakt Lehrstuhl\"}]},{\"@type\":\"WebSite\",\"@id\":\"https:\\\/\\\/gabitel.net\\\/de\\\/#website\",\"url\":\"https:\\\/\\\/gabitel.net\\\/de\\\/\",\"name\":\"Gabitel\",\"description\":\"\",\"publisher\":{\"@id\":\"https:\\\/\\\/gabitel.net\\\/de\\\/#organization\"},\"potentialAction\":[{\"@type\":\"SearchAction\",\"target\":{\"@type\":\"EntryPoint\",\"urlTemplate\":\"https:\\\/\\\/gabitel.net\\\/de\\\/?s={search_term_string}\"},\"query-input\":{\"@type\":\"PropertyValueSpecification\",\"valueRequired\":true,\"valueName\":\"search_term_string\"}}],\"inLanguage\":\"de\"},{\"@type\":\"Organization\",\"@id\":\"https:\\\/\\\/gabitel.net\\\/de\\\/#organization\",\"name\":\"Gabitel\",\"url\":\"https:\\\/\\\/gabitel.net\\\/de\\\/\",\"logo\":{\"@type\":\"ImageObject\",\"inLanguage\":\"de\",\"@id\":\"https:\\\/\\\/gabitel.net\\\/de\\\/#\\\/schema\\\/logo\\\/image\\\/\",\"url\":\"https:\\\/\\\/gabitel.net\\\/wp-content\\\/uploads\\\/2025\\\/05\\\/logo_gabitel.jpg\",\"contentUrl\":\"https:\\\/\\\/gabitel.net\\\/wp-content\\\/uploads\\\/2025\\\/05\\\/logo_gabitel.jpg\",\"width\":2560,\"height\":1330,\"caption\":\"Gabitel\"},\"image\":{\"@id\":\"https:\\\/\\\/gabitel.net\\\/de\\\/#\\\/schema\\\/logo\\\/image\\\/\"},\"sameAs\":[\"https:\\\/\\\/www.facebook.com\\\/gabitelingenieros\\\/\",\"https:\\\/\\\/es.linkedin.com\\\/company\\\/gabitel-ingenieros\"]}]}<\/script>\n<!-- \/ Yoast SEO plugin. -->","yoast_head_json":{"title":"Kontakt Lehrstuhl - Gabitel","description":"Gabitel in Huelva und Sevilla bietet Telekommunikationstechnik FTTH: Design, Bereitstellung und Beratung mit nationaler und internationaler Reichweite.","robots":{"index":"index","follow":"follow","max-snippet":"max-snippet:-1","max-image-preview":"max-image-preview:large","max-video-preview":"max-video-preview:-1"},"canonical":"https:\/\/gabitel.net\/de\/lehrstuhl\/kontakt-lehrstuhl\/","og_locale":"de_DE","og_type":"article","og_title":"Kontakt Lehrstuhl - Gabitel","og_description":"Gabitel in Huelva und Sevilla bietet Telekommunikationstechnik FTTH: Design, Bereitstellung und Beratung mit nationaler und internationaler Reichweite.","og_url":"https:\/\/gabitel.net\/de\/lehrstuhl\/kontakt-lehrstuhl\/","og_site_name":"Gabitel","article_publisher":"https:\/\/www.facebook.com\/gabitelingenieros\/","article_modified_time":"2025-07-18T06:30:49+00:00","twitter_card":"summary_large_image","twitter_misc":{"Gesch\u00e4tzte Lesezeit":"1\u00a0Minute"},"schema":{"@context":"https:\/\/schema.org","@graph":[{"@type":"WebPage","@id":"https:\/\/gabitel.net\/de\/lehrstuhl\/kontakt-lehrstuhl\/","url":"https:\/\/gabitel.net\/de\/lehrstuhl\/kontakt-lehrstuhl\/","name":"Kontakt Lehrstuhl - Gabitel","isPartOf":{"@id":"https:\/\/gabitel.net\/de\/#website"},"datePublished":"2025-07-17T10:00:33+00:00","dateModified":"2025-07-18T06:30:49+00:00","description":"Gabitel in Huelva und Sevilla bietet Telekommunikationstechnik FTTH: Design, Bereitstellung und Beratung mit nationaler und internationaler Reichweite.","breadcrumb":{"@id":"https:\/\/gabitel.net\/de\/lehrstuhl\/kontakt-lehrstuhl\/#breadcrumb"},"inLanguage":"de","potentialAction":[{"@type":"ReadAction","target":["https:\/\/gabitel.net\/de\/lehrstuhl\/kontakt-lehrstuhl\/"]}]},{"@type":"BreadcrumbList","@id":"https:\/\/gabitel.net\/de\/lehrstuhl\/kontakt-lehrstuhl\/#breadcrumb","itemListElement":[{"@type":"ListItem","position":1,"name":"Portada","item":"https:\/\/gabitel.net\/de\/"},{"@type":"ListItem","position":2,"name":"Kontakt Lehrstuhl"}]},{"@type":"WebSite","@id":"https:\/\/gabitel.net\/de\/#website","url":"https:\/\/gabitel.net\/de\/","name":"Gabitel","description":"","publisher":{"@id":"https:\/\/gabitel.net\/de\/#organization"},"potentialAction":[{"@type":"SearchAction","target":{"@type":"EntryPoint","urlTemplate":"https:\/\/gabitel.net\/de\/?s={search_term_string}"},"query-input":{"@type":"PropertyValueSpecification","valueRequired":true,"valueName":"search_term_string"}}],"inLanguage":"de"},{"@type":"Organization","@id":"https:\/\/gabitel.net\/de\/#organization","name":"Gabitel","url":"https:\/\/gabitel.net\/de\/","logo":{"@type":"ImageObject","inLanguage":"de","@id":"https:\/\/gabitel.net\/de\/#\/schema\/logo\/image\/","url":"https:\/\/gabitel.net\/wp-content\/uploads\/2025\/05\/logo_gabitel.jpg","contentUrl":"https:\/\/gabitel.net\/wp-content\/uploads\/2025\/05\/logo_gabitel.jpg","width":2560,"height":1330,"caption":"Gabitel"},"image":{"@id":"https:\/\/gabitel.net\/de\/#\/schema\/logo\/image\/"},"sameAs":["https:\/\/www.facebook.com\/gabitelingenieros\/","https:\/\/es.linkedin.com\/company\/gabitel-ingenieros"]}]}},"_links":{"self":[{"href":"https:\/\/gabitel.net\/de\/wp-json\/wp\/v2\/pages\/32408","targetHints":{"allow":["GET"]}}],"collection":[{"href":"https:\/\/gabitel.net\/de\/wp-json\/wp\/v2\/pages"}],"about":[{"href":"https:\/\/gabitel.net\/de\/wp-json\/wp\/v2\/types\/page"}],"author":[{"embeddable":true,"href":"https:\/\/gabitel.net\/de\/wp-json\/wp\/v2\/users\/2"}],"replies":[{"embeddable":true,"href":"https:\/\/gabitel.net\/de\/wp-json\/wp\/v2\/comments?post=32408"}],"version-history":[{"count":5,"href":"https:\/\/gabitel.net\/de\/wp-json\/wp\/v2\/pages\/32408\/revisions"}],"predecessor-version":[{"id":32455,"href":"https:\/\/gabitel.net\/de\/wp-json\/wp\/v2\/pages\/32408\/revisions\/32455"}],"up":[{"embeddable":true,"href":"https:\/\/gabitel.net\/de\/wp-json\/wp\/v2\/pages\/32414"}],"wp:attachment":[{"href":"https:\/\/gabitel.net\/de\/wp-json\/wp\/v2\/media?parent=32408"}],"curies":[{"name":"wp","href":"https:\/\/api.w.org\/{rel}","templated":true}]}}