{"id":32415,"date":"2025-07-17T11:44:55","date_gmt":"2025-07-17T09:44:55","guid":{"rendered":"https:\/\/gabitel.net\/actividades-catedra\/"},"modified":"2025-07-30T11:38:59","modified_gmt":"2025-07-30T09:38:59","slug":"aktivitaten-lehrstuhl","status":"publish","type":"page","link":"https:\/\/gabitel.net\/de\/lehrstuhl\/aktivitaten-lehrstuhl\/","title":{"rendered":"Aktivit\u00e4ten Lehrstuhl"},"content":{"rendered":"\t\t<div data-elementor-type=\"wp-page\" data-elementor-id=\"32415\" class=\"elementor elementor-32415 elementor-32296\" data-elementor-post-type=\"page\">\n\t\t\t\t<div class=\"elementor-element elementor-element-66669a2 e-flex e-con-boxed e-con e-parent\" data-id=\"66669a2\" data-element_type=\"container\" data-e-type=\"container\" data-settings=\"{&quot;background_background&quot;:&quot;classic&quot;}\">\n\t\t\t\t\t<div class=\"e-con-inner\">\n\t\t\t\t<div class=\"elementor-element elementor-element-59d2a20 elementor-widget__width-inherit elementor-widget elementor-widget-heading\" data-id=\"59d2a20\" data-element_type=\"widget\" data-e-type=\"widget\" data-widget_type=\"heading.default\">\n\t\t\t\t<div class=\"elementor-widget-container\">\n\t\t\t\t\t<h1 class=\"elementor-heading-title elementor-size-default\">AKTIVIT\u00c4TEN LEHRSTUHL<\/h1>\t\t\t\t<\/div>\n\t\t\t\t<\/div>\n\t\t\t\t\t<\/div>\n\t\t\t\t<\/div>\n\t\t<div class=\"elementor-element elementor-element-72ba899 e-con-full e-flex e-con e-parent\" data-id=\"72ba899\" data-element_type=\"container\" data-e-type=\"container\">\n\t\t\t\t<div class=\"elementor-element elementor-element-e0013e2 elementor-widget elementor-widget-heading\" data-id=\"e0013e2\" data-element_type=\"widget\" data-e-type=\"widget\" data-widget_type=\"heading.default\">\n\t\t\t\t<div class=\"elementor-widget-container\">\n\t\t\t\t\t<h2 class=\"elementor-heading-title elementor-size-default\">AKADEMISCH-FORMATIV:<\/h2>\t\t\t\t<\/div>\n\t\t\t\t<\/div>\n\t\t\t\t<div class=\"elementor-element elementor-element-213d26e elementor-widget__width-inherit elementor-widget elementor-widget-text-editor\" data-id=\"213d26e\" data-element_type=\"widget\" data-e-type=\"widget\" data-widget_type=\"text-editor.default\">\n\t\t\t\t<div class=\"elementor-widget-container\">\n\t\t\t\t\t\t\t\t\t<ul>\n    <li>Ausschreibung TFG\/TFM-Preise 2021<\/li>\n    <li>Ausschreibung TFG\/TFM-Preise 2022<\/li>\n    <li>Ausschreibung TFG\/TFM-Preise 2023<\/li>\n    <li>Ausschreibung TFG\/TFM-Preise 2024<\/li>\n    <li>Schulungskurs: Zertifizierung von Projekten f\u00fcr gr\u00fcnen Wasserstoff.<\/li>\n    <li>Schulungskurs: Rechtliche Abwicklung von Projekten f\u00fcr gr\u00fcnen Wasserstoff.<\/li>\n    <li>Schulungskurs: Bestehende Regelungen und Normen in Spanien zu gr\u00fcnem Wasserstoff.<\/li>\n<\/ul>\n\t\t\t\t\t\t\t\t<\/div>\n\t\t\t\t<\/div>\n\t\t\t\t<\/div>\n\t\t<div class=\"elementor-element elementor-element-dea8d13 e-con-full e-flex e-con e-parent\" data-id=\"dea8d13\" data-element_type=\"container\" data-e-type=\"container\">\n\t\t\t\t<div class=\"elementor-element elementor-element-07a3087 elementor-widget elementor-widget-heading\" data-id=\"07a3087\" data-element_type=\"widget\" data-e-type=\"widget\" data-widget_type=\"heading.default\">\n\t\t\t\t<div class=\"elementor-widget-container\">\n\t\t\t\t\t<h2 class=\"elementor-heading-title elementor-size-default\">Forschung und Transfer<\/h2>\t\t\t\t<\/div>\n\t\t\t\t<\/div>\n\t\t\t\t<div class=\"elementor-element elementor-element-0a335da elementor-widget__width-inherit elementor-widget elementor-widget-text-editor\" data-id=\"0a335da\" data-element_type=\"widget\" data-e-type=\"widget\" data-widget_type=\"text-editor.default\">\n\t\t\t\t<div class=\"elementor-widget-container\">\n\t\t\t\t\t\t\t\t\t<ul><li>06.10.2021 \u2013 Fr\u00fchst\u00fccksgespr\u00e4ch \u201eIngenieurwesen vor der Herausforderung des Gr\u00fcnen Wasserstoffs\u201c<\/li><li>30.11.2021 \u2013 <a href=\"https:\/\/gabitel.net\/de\/lehrstuhl\/aktivitaten-lehrstuhl\/i-conferencia-sectorial-catedra-gabitel\/\">I. Sektorkonferenz \u201eTag des Transports. Wasserstofftechnologie im Dienst des Transportsektors\u201c<\/a><\/li><li>10.02.2022 \u2013 Erstes UNIA-Treffen zum Gr\u00fcnen Wasserstoff<\/li><li>09.06.2022 \u2013 <a href=\"https:\/\/gabitel.net\/de\/lehrstuhl\/aktivitaten-lehrstuhl\/ii-conferencia-sectorial-catedra-gabitel\/\">II. Sektorkonferenz \u201eTag des Transports. Der Transportsektor: aktueller Stand, Bed\u00fcrfnisse und wasserstoffbasierte L\u00f6sungen\u201c<\/a><\/li><li>24.11.2022 \u2013 <a href=\"https:\/\/gabitel.net\/de\/lehrstuhl\/aktivitaten-lehrstuhl\/iii-conferencia-sectorial-catedra-gabitel\/\">III. Sektorkonferenz \u2013 Tag des Transports. Schwerlastverkehr: aktuelle Herausforderungen und zuk\u00fcnftige L\u00f6sungen<\/a><\/li><li>17.03.2023 \u2013 Beitritt zur Andalusischen Allianz f\u00fcr Gr\u00fcnen Wasserstoff<\/li><li>28.03.2023 \u2013 IV. Seminar-Workshop: Genehmigung, Technik und Zertifizierung von Projekten f\u00fcr erneuerbaren Wasserstoff<\/li><li>26.04.2023 \u2013 Erstes nationales Treffen der Wasserstoff-Lehrst\u00fchle und Besuch beim INTA<\/li><li>27.04.2023 \u2013 <a href=\"https:\/\/gabitel.net\/catedra\/actividades-catedra\/iv-conferencia-sectorial-catedra-gabitel\/\">IV. Sektorkonferenz \u201eWasserstofftechnologie. Power to Gas. Industrie und Herkunftsnachweise\u201c<\/a><\/li><li>28.09.2023 \u2013 PMH2 Branchentreffen zum Wasserstoff<\/li><li>05.10.2023 \u2013 Treffen mit Vertretern des Landes Baden-W\u00fcrttemberg<\/li><li>07.02.2024 \u2013 I. Nationaler Kongress Gr\u00fcner Wasserstoff<\/li><li>03.04.2024 \u2013 <a href=\"https:\/\/gabitel.net\/de\/lehrstuhl\/aktivitaten-lehrstuhl\/v-conferencia-sectorial-catedra-gabitel\/\">V. Sektorkonferenz \u201eIndustrieller H2-Verbrauch. Chancen zur Dekarbonisierung\u201c<\/a><\/li><li>04.02.2025 \u2013 II. Nationaler Kongress Gr\u00fcner Wasserstoff<\/li><\/ul>\t\t\t\t\t\t\t\t<\/div>\n\t\t\t\t<\/div>\n\t\t\t\t<div class=\"elementor-element elementor-element-e21ff03 elementor-align-right boton-volver elementor-widget elementor-widget-button\" data-id=\"e21ff03\" data-element_type=\"widget\" data-e-type=\"widget\" data-widget_type=\"button.default\">\n\t\t\t\t<div class=\"elementor-widget-container\">\n\t\t\t\t\t\t\t\t\t<div class=\"elementor-button-wrapper\">\n\t\t\t\t\t<a class=\"elementor-button elementor-button-link elementor-size-sm\" href=\"https:\/\/gabitel.net\/de\/lehrstuhl\/\">\n\t\t\t\t\t\t<span class=\"elementor-button-content-wrapper\">\n\t\t\t\t\t\t<span class=\"elementor-button-icon\">\n\t\t\t\t<svg aria-hidden=\"true\" class=\"e-font-icon-svg e-fas-angle-up\" viewBox=\"0 0 320 512\" xmlns=\"http:\/\/www.w3.org\/2000\/svg\"><path d=\"M177 159.7l136 136c9.4 9.4 9.4 24.6 0 33.9l-22.6 22.6c-9.4 9.4-24.6 9.4-33.9 0L160 255.9l-96.4 96.4c-9.4 9.4-24.6 9.4-33.9 0L7 329.7c-9.4-9.4-9.4-24.6 0-33.9l136-136c9.4-9.5 24.6-9.5 34-.1z\"><\/path><\/svg>\t\t\t<\/span>\n\t\t\t\t\t\t\t\t\t<span class=\"elementor-button-text\">ZUR\u00dcCK<\/span>\n\t\t\t\t\t<\/span>\n\t\t\t\t\t<\/a>\n\t\t\t\t<\/div>\n\t\t\t\t\t\t\t\t<\/div>\n\t\t\t\t<\/div>\n\t\t\t\t<\/div>\n\t\t\t\t<\/div>\n\t\t","protected":false},"excerpt":{"rendered":"<p>AKTIVIT\u00c4TEN LEHRSTUHL AKADEMISCH-FORMATIV: Ausschreibung TFG\/TFM-Preise 2021 Ausschreibung TFG\/TFM-Preise 2022 Ausschreibung TFG\/TFM-Preise 2023 Ausschreibung TFG\/TFM-Preise 2024 Schulungskurs: Zertifizierung von Projekten f\u00fcr gr\u00fcnen Wasserstoff. Schulungskurs: Rechtliche Abwicklung von Projekten f\u00fcr gr\u00fcnen Wasserstoff. Schulungskurs: Bestehende Regelungen und Normen in Spanien zu gr\u00fcnem Wasserstoff. Forschung und Transfer 06.10.2021 \u2013 Fr\u00fchst\u00fccksgespr\u00e4ch \u201eIngenieurwesen vor der Herausforderung des Gr\u00fcnen Wasserstoffs\u201c 30.11.2021 \u2013 [&hellip;]<\/p>\n","protected":false},"author":2,"featured_media":0,"parent":32414,"menu_order":0,"comment_status":"closed","ping_status":"closed","template":"","meta":{"content-type":"","footnotes":""},"class_list":["post-32415","page","type-page","status-publish","hentry"],"yoast_head":"<!-- This site is optimized with the Yoast SEO plugin v27.4 - https:\/\/yoast.com\/product\/yoast-seo-wordpress\/ -->\n<title>Aktivit\u00e4ten Lehrstuhl - Gabitel<\/title>\n<meta name=\"description\" content=\"Gabitel in Huelva und Sevilla bietet Telekommunikationstechnik FTTH: Design, Bereitstellung und Beratung mit nationaler und internationaler Reichweite.\" \/>\n<meta name=\"robots\" content=\"index, follow, max-snippet:-1, max-image-preview:large, max-video-preview:-1\" \/>\n<link rel=\"canonical\" href=\"https:\/\/gabitel.net\/de\/lehrstuhl\/aktivitaten-lehrstuhl\/\" \/>\n<meta property=\"og:locale\" content=\"de_DE\" \/>\n<meta property=\"og:type\" content=\"article\" \/>\n<meta property=\"og:title\" content=\"Aktivit\u00e4ten Lehrstuhl - Gabitel\" \/>\n<meta property=\"og:description\" content=\"Gabitel in Huelva und Sevilla bietet Telekommunikationstechnik FTTH: Design, Bereitstellung und Beratung mit nationaler und internationaler Reichweite.\" \/>\n<meta property=\"og:url\" content=\"https:\/\/gabitel.net\/de\/lehrstuhl\/aktivitaten-lehrstuhl\/\" \/>\n<meta property=\"og:site_name\" content=\"Gabitel\" \/>\n<meta property=\"article:publisher\" content=\"https:\/\/www.facebook.com\/gabitelingenieros\/\" \/>\n<meta property=\"article:modified_time\" content=\"2025-07-30T09:38:59+00:00\" \/>\n<meta name=\"twitter:card\" content=\"summary_large_image\" \/>\n<meta name=\"twitter:label1\" content=\"Gesch\u00e4tzte Lesezeit\" \/>\n\t<meta name=\"twitter:data1\" content=\"1\u00a0Minute\" \/>\n<script type=\"application\/ld+json\" class=\"yoast-schema-graph\">{\"@context\":\"https:\\\/\\\/schema.org\",\"@graph\":[{\"@type\":\"WebPage\",\"@id\":\"https:\\\/\\\/gabitel.net\\\/de\\\/lehrstuhl\\\/aktivitaten-lehrstuhl\\\/\",\"url\":\"https:\\\/\\\/gabitel.net\\\/de\\\/lehrstuhl\\\/aktivitaten-lehrstuhl\\\/\",\"name\":\"Aktivit\u00e4ten Lehrstuhl - Gabitel\",\"isPartOf\":{\"@id\":\"https:\\\/\\\/gabitel.net\\\/de\\\/#website\"},\"datePublished\":\"2025-07-17T09:44:55+00:00\",\"dateModified\":\"2025-07-30T09:38:59+00:00\",\"description\":\"Gabitel in Huelva und Sevilla bietet Telekommunikationstechnik FTTH: Design, Bereitstellung und Beratung mit nationaler und internationaler Reichweite.\",\"breadcrumb\":{\"@id\":\"https:\\\/\\\/gabitel.net\\\/de\\\/lehrstuhl\\\/aktivitaten-lehrstuhl\\\/#breadcrumb\"},\"inLanguage\":\"de\",\"potentialAction\":[{\"@type\":\"ReadAction\",\"target\":[\"https:\\\/\\\/gabitel.net\\\/de\\\/lehrstuhl\\\/aktivitaten-lehrstuhl\\\/\"]}]},{\"@type\":\"BreadcrumbList\",\"@id\":\"https:\\\/\\\/gabitel.net\\\/de\\\/lehrstuhl\\\/aktivitaten-lehrstuhl\\\/#breadcrumb\",\"itemListElement\":[{\"@type\":\"ListItem\",\"position\":1,\"name\":\"Portada\",\"item\":\"https:\\\/\\\/gabitel.net\\\/de\\\/\"},{\"@type\":\"ListItem\",\"position\":2,\"name\":\"Lehrstuhl\",\"item\":\"https:\\\/\\\/gabitel.net\\\/de\\\/catedra\\\/\"},{\"@type\":\"ListItem\",\"position\":3,\"name\":\"Aktivit\u00e4ten Lehrstuhl\"}]},{\"@type\":\"WebSite\",\"@id\":\"https:\\\/\\\/gabitel.net\\\/de\\\/#website\",\"url\":\"https:\\\/\\\/gabitel.net\\\/de\\\/\",\"name\":\"Gabitel\",\"description\":\"\",\"publisher\":{\"@id\":\"https:\\\/\\\/gabitel.net\\\/de\\\/#organization\"},\"potentialAction\":[{\"@type\":\"SearchAction\",\"target\":{\"@type\":\"EntryPoint\",\"urlTemplate\":\"https:\\\/\\\/gabitel.net\\\/de\\\/?s={search_term_string}\"},\"query-input\":{\"@type\":\"PropertyValueSpecification\",\"valueRequired\":true,\"valueName\":\"search_term_string\"}}],\"inLanguage\":\"de\"},{\"@type\":\"Organization\",\"@id\":\"https:\\\/\\\/gabitel.net\\\/de\\\/#organization\",\"name\":\"Gabitel\",\"url\":\"https:\\\/\\\/gabitel.net\\\/de\\\/\",\"logo\":{\"@type\":\"ImageObject\",\"inLanguage\":\"de\",\"@id\":\"https:\\\/\\\/gabitel.net\\\/de\\\/#\\\/schema\\\/logo\\\/image\\\/\",\"url\":\"https:\\\/\\\/gabitel.net\\\/wp-content\\\/uploads\\\/2025\\\/05\\\/logo_gabitel.jpg\",\"contentUrl\":\"https:\\\/\\\/gabitel.net\\\/wp-content\\\/uploads\\\/2025\\\/05\\\/logo_gabitel.jpg\",\"width\":2560,\"height\":1330,\"caption\":\"Gabitel\"},\"image\":{\"@id\":\"https:\\\/\\\/gabitel.net\\\/de\\\/#\\\/schema\\\/logo\\\/image\\\/\"},\"sameAs\":[\"https:\\\/\\\/www.facebook.com\\\/gabitelingenieros\\\/\",\"https:\\\/\\\/es.linkedin.com\\\/company\\\/gabitel-ingenieros\"]}]}<\/script>\n<!-- \/ Yoast SEO plugin. -->","yoast_head_json":{"title":"Aktivit\u00e4ten Lehrstuhl - Gabitel","description":"Gabitel in Huelva und Sevilla bietet Telekommunikationstechnik FTTH: Design, Bereitstellung und Beratung mit nationaler und internationaler Reichweite.","robots":{"index":"index","follow":"follow","max-snippet":"max-snippet:-1","max-image-preview":"max-image-preview:large","max-video-preview":"max-video-preview:-1"},"canonical":"https:\/\/gabitel.net\/de\/lehrstuhl\/aktivitaten-lehrstuhl\/","og_locale":"de_DE","og_type":"article","og_title":"Aktivit\u00e4ten Lehrstuhl - Gabitel","og_description":"Gabitel in Huelva und Sevilla bietet Telekommunikationstechnik FTTH: Design, Bereitstellung und Beratung mit nationaler und internationaler Reichweite.","og_url":"https:\/\/gabitel.net\/de\/lehrstuhl\/aktivitaten-lehrstuhl\/","og_site_name":"Gabitel","article_publisher":"https:\/\/www.facebook.com\/gabitelingenieros\/","article_modified_time":"2025-07-30T09:38:59+00:00","twitter_card":"summary_large_image","twitter_misc":{"Gesch\u00e4tzte Lesezeit":"1\u00a0Minute"},"schema":{"@context":"https:\/\/schema.org","@graph":[{"@type":"WebPage","@id":"https:\/\/gabitel.net\/de\/lehrstuhl\/aktivitaten-lehrstuhl\/","url":"https:\/\/gabitel.net\/de\/lehrstuhl\/aktivitaten-lehrstuhl\/","name":"Aktivit\u00e4ten Lehrstuhl - Gabitel","isPartOf":{"@id":"https:\/\/gabitel.net\/de\/#website"},"datePublished":"2025-07-17T09:44:55+00:00","dateModified":"2025-07-30T09:38:59+00:00","description":"Gabitel in Huelva und Sevilla bietet Telekommunikationstechnik FTTH: Design, Bereitstellung und Beratung mit nationaler und internationaler Reichweite.","breadcrumb":{"@id":"https:\/\/gabitel.net\/de\/lehrstuhl\/aktivitaten-lehrstuhl\/#breadcrumb"},"inLanguage":"de","potentialAction":[{"@type":"ReadAction","target":["https:\/\/gabitel.net\/de\/lehrstuhl\/aktivitaten-lehrstuhl\/"]}]},{"@type":"BreadcrumbList","@id":"https:\/\/gabitel.net\/de\/lehrstuhl\/aktivitaten-lehrstuhl\/#breadcrumb","itemListElement":[{"@type":"ListItem","position":1,"name":"Portada","item":"https:\/\/gabitel.net\/de\/"},{"@type":"ListItem","position":2,"name":"Lehrstuhl","item":"https:\/\/gabitel.net\/de\/catedra\/"},{"@type":"ListItem","position":3,"name":"Aktivit\u00e4ten Lehrstuhl"}]},{"@type":"WebSite","@id":"https:\/\/gabitel.net\/de\/#website","url":"https:\/\/gabitel.net\/de\/","name":"Gabitel","description":"","publisher":{"@id":"https:\/\/gabitel.net\/de\/#organization"},"potentialAction":[{"@type":"SearchAction","target":{"@type":"EntryPoint","urlTemplate":"https:\/\/gabitel.net\/de\/?s={search_term_string}"},"query-input":{"@type":"PropertyValueSpecification","valueRequired":true,"valueName":"search_term_string"}}],"inLanguage":"de"},{"@type":"Organization","@id":"https:\/\/gabitel.net\/de\/#organization","name":"Gabitel","url":"https:\/\/gabitel.net\/de\/","logo":{"@type":"ImageObject","inLanguage":"de","@id":"https:\/\/gabitel.net\/de\/#\/schema\/logo\/image\/","url":"https:\/\/gabitel.net\/wp-content\/uploads\/2025\/05\/logo_gabitel.jpg","contentUrl":"https:\/\/gabitel.net\/wp-content\/uploads\/2025\/05\/logo_gabitel.jpg","width":2560,"height":1330,"caption":"Gabitel"},"image":{"@id":"https:\/\/gabitel.net\/de\/#\/schema\/logo\/image\/"},"sameAs":["https:\/\/www.facebook.com\/gabitelingenieros\/","https:\/\/es.linkedin.com\/company\/gabitel-ingenieros"]}]}},"_links":{"self":[{"href":"https:\/\/gabitel.net\/de\/wp-json\/wp\/v2\/pages\/32415","targetHints":{"allow":["GET"]}}],"collection":[{"href":"https:\/\/gabitel.net\/de\/wp-json\/wp\/v2\/pages"}],"about":[{"href":"https:\/\/gabitel.net\/de\/wp-json\/wp\/v2\/types\/page"}],"author":[{"embeddable":true,"href":"https:\/\/gabitel.net\/de\/wp-json\/wp\/v2\/users\/2"}],"replies":[{"embeddable":true,"href":"https:\/\/gabitel.net\/de\/wp-json\/wp\/v2\/comments?post=32415"}],"version-history":[{"count":5,"href":"https:\/\/gabitel.net\/de\/wp-json\/wp\/v2\/pages\/32415\/revisions"}],"predecessor-version":[{"id":35916,"href":"https:\/\/gabitel.net\/de\/wp-json\/wp\/v2\/pages\/32415\/revisions\/35916"}],"up":[{"embeddable":true,"href":"https:\/\/gabitel.net\/de\/wp-json\/wp\/v2\/pages\/32414"}],"wp:attachment":[{"href":"https:\/\/gabitel.net\/de\/wp-json\/wp\/v2\/media?parent=32415"}],"curies":[{"name":"wp","href":"https:\/\/api.w.org\/{rel}","templated":true}]}}