{"id":35972,"date":"2025-07-28T10:40:26","date_gmt":"2025-07-28T08:40:26","guid":{"rendered":"https:\/\/gabitel.net\/certificaciones\/"},"modified":"2025-07-30T12:20:16","modified_gmt":"2025-07-30T10:20:16","slug":"certificaciones","status":"publish","type":"page","link":"https:\/\/gabitel.net\/de\/certificaciones\/","title":{"rendered":"Zertifizierungen"},"content":{"rendered":"\t\t<div data-elementor-type=\"wp-page\" data-elementor-id=\"35972\" class=\"elementor elementor-35972 elementor-35800\" data-elementor-post-type=\"page\">\n\t\t\t\t<div class=\"elementor-element elementor-element-66669a2 e-flex e-con-boxed e-con e-parent\" data-id=\"66669a2\" data-element_type=\"container\" data-e-type=\"container\" data-settings=\"{&quot;background_background&quot;:&quot;classic&quot;}\">\n\t\t\t\t\t<div class=\"e-con-inner\">\n\t\t\t\t<div class=\"elementor-element elementor-element-59d2a20 elementor-widget__width-inherit elementor-widget elementor-widget-heading\" data-id=\"59d2a20\" data-element_type=\"widget\" data-e-type=\"widget\" data-widget_type=\"heading.default\">\n\t\t\t\t<div class=\"elementor-widget-container\">\n\t\t\t\t\t<h1 class=\"elementor-heading-title elementor-size-default\">ZERTIFIZIERUNGEN<\/h1>\t\t\t\t<\/div>\n\t\t\t\t<\/div>\n\t\t\t\t\t<\/div>\n\t\t\t\t<\/div>\n\t\t<div class=\"elementor-element elementor-element-5836939 e-flex e-con-boxed e-con e-parent\" data-id=\"5836939\" data-element_type=\"container\" data-e-type=\"container\">\n\t\t\t\t\t<div class=\"e-con-inner\">\n\t\t\t\t<div class=\"elementor-element elementor-element-61d7ff8 elementor-widget elementor-widget-text-editor\" data-id=\"61d7ff8\" data-element_type=\"widget\" data-e-type=\"widget\" data-widget_type=\"text-editor.default\">\n\t\t\t\t<div class=\"elementor-widget-container\">\n\t\t\t\t\t\t\t\t\t<p>Bei <strong>Gabitel<\/strong> sind Exzellenz und Qualit\u00e4t Teil unserer DNA. Deshalb verf\u00fcgen wir \u00fcber verschiedene Zertifizierungen, die unser Engagement f\u00fcr h\u00f6chste Standards in all unseren Dienstleistungen belegen: Telekommunikationsingenieurwesen, Energie, Industrie, Architektur, Agrarwesen, erneuerbare Energien, Beratung und Entwicklung.<\/p><p>Diese Zertifizierungen spiegeln unser kontinuierliches Bestreben wider, unsere Prozesse zu verbessern, Sicherheit zu gew\u00e4hrleisten und unseren Kunden und Partnern einen Mehrwert zu bieten.<\/p><p>Auf dieser Seite k\u00f6nnen Sie transparent alle Zertifizierungen einsehen, die uns unterst\u00fctzen und unseren kontinuierlichen Verbesserungsprozess vorantreiben.<\/p>\t\t\t\t\t\t\t\t<\/div>\n\t\t\t\t<\/div>\n\t\t\t\t\t<\/div>\n\t\t\t\t<\/div>\n\t\t<div class=\"elementor-element elementor-element-7834c7d e-flex e-con-boxed e-con e-parent\" data-id=\"7834c7d\" data-element_type=\"container\" data-e-type=\"container\">\n\t\t\t\t\t<div class=\"e-con-inner\">\n\t\t\t\t<div class=\"elementor-element elementor-element-6e28bf0 elementor-widget-divider--view-line elementor-widget elementor-widget-divider\" data-id=\"6e28bf0\" data-element_type=\"widget\" data-e-type=\"widget\" data-widget_type=\"divider.default\">\n\t\t\t\t<div class=\"elementor-widget-container\">\n\t\t\t\t\t\t\t<div class=\"elementor-divider\">\n\t\t\t<span class=\"elementor-divider-separator\">\n\t\t\t\t\t\t<\/span>\n\t\t<\/div>\n\t\t\t\t\t\t<\/div>\n\t\t\t\t<\/div>\n\t\t\t\t\t<\/div>\n\t\t\t\t<\/div>\n\t\t<div class=\"elementor-element elementor-element-b091749 e-flex e-con-boxed e-con e-parent\" data-id=\"b091749\" data-element_type=\"container\" data-e-type=\"container\">\n\t\t\t\t\t<div class=\"e-con-inner\">\n\t\t\t\t<div class=\"elementor-element elementor-element-fe98ecb elementor-widget elementor-widget-heading\" data-id=\"fe98ecb\" data-element_type=\"widget\" data-e-type=\"widget\" id=\"fttpnetworks\" data-widget_type=\"heading.default\">\n\t\t\t\t<div class=\"elementor-widget-container\">\n\t\t\t\t\t<h2 class=\"elementor-heading-title elementor-size-default\">SGS-ZERTIFIKATE<\/h2>\t\t\t\t<\/div>\n\t\t\t\t<\/div>\n\t\t\t\t<div class=\"elementor-element elementor-element-4d2567b elementor-widget elementor-widget-text-editor\" data-id=\"4d2567b\" data-element_type=\"widget\" data-e-type=\"widget\" data-widget_type=\"text-editor.default\">\n\t\t\t\t<div class=\"elementor-widget-container\">\n\t\t\t\t\t\t\t\t\t<p>Bei <strong>Gabitel<\/strong> setzen wir auf Qualit\u00e4t und kontinuierliche Verbesserung in all unseren Prozessen und Dienstleistungen. Daher verf\u00fcgen wir \u00fcber Zertifikate, die von SGS ausgestellt wurden \u2013 dem weltweit f\u00fchrenden Unternehmen f\u00fcr Inspektion, Verifizierung, Tests und Zertifizierung.<\/p><p>Diese Zertifikate garantieren die Einhaltung der strengsten internationalen Standards in den Bereichen Management, Sicherheit, Nachhaltigkeit und operative Exzellenz.<\/p><p>Nachfolgend finden Sie die SGS-Zertifikate, die unsere T\u00e4tigkeit und unser Engagement f\u00fcr Exzellenz derzeit belegen.<\/p>\t\t\t\t\t\t\t\t<\/div>\n\t\t\t\t<\/div>\n\t\t\t\t<div class=\"elementor-element elementor-element-b453aed elementor-widget-divider--view-line elementor-widget elementor-widget-divider\" data-id=\"b453aed\" data-element_type=\"widget\" data-e-type=\"widget\" data-widget_type=\"divider.default\">\n\t\t\t\t<div class=\"elementor-widget-container\">\n\t\t\t\t\t\t\t<div class=\"elementor-divider\">\n\t\t\t<span class=\"elementor-divider-separator\">\n\t\t\t\t\t\t<\/span>\n\t\t<\/div>\n\t\t\t\t\t\t<\/div>\n\t\t\t\t<\/div>\n\t\t<div class=\"elementor-element elementor-element-b5ccf5a e-con-full e-flex e-con e-child\" data-id=\"b5ccf5a\" data-element_type=\"container\" data-e-type=\"container\">\n\t\t\t\t<div class=\"elementor-element elementor-element-dad821e elementor-widget__width-initial elementor-widget elementor-widget-image\" data-id=\"dad821e\" data-element_type=\"widget\" data-e-type=\"widget\" data-widget_type=\"image.default\">\n\t\t\t\t<div class=\"elementor-widget-container\">\n\t\t\t\t\t\t\t\t\t\t\t\t\t\t\t<img fetchpriority=\"high\" decoding=\"async\" width=\"202\" height=\"252\" src=\"https:\/\/gabitel.net\/wp-content\/uploads\/2025\/05\/SGS_ISO-14001-ENAC_TPL.png\" class=\"attachment-large size-large wp-image-31579\" alt=\"SGS_ISO 14001-ENAC_TPL\" \/>\t\t\t\t\t\t\t\t\t\t\t\t\t\t\t<\/div>\n\t\t\t\t<\/div>\n\t\t\t\t<div class=\"elementor-element elementor-element-d2eab18 elementor-widget elementor-widget-text-editor\" data-id=\"d2eab18\" data-element_type=\"widget\" data-e-type=\"widget\" data-widget_type=\"text-editor.default\">\n\t\t\t\t<div class=\"elementor-widget-container\">\n\t\t\t\t\t\t\t\t\t<p><strong>Zertifikatsnummer<\/strong>: ES12\/12237<\/p><p><strong>Normname und Beschreibung:<\/strong> ISO 14001:2015 \u2013 Zertifizierung des Umweltmanagementsystems<\/p><p><strong>Geltungsbereich:<\/strong> Planung, Entwicklung und Bauleitung von Ingenieurprojekten f\u00fcr Anlagen: Photovoltaik- und Thermalsysteme, Elektroanlagen in Nieder- und Mittelspannung, \u00f6ffentliche Beleuchtung, Versorgungs- und Abwassernetze sowie Telekommunikationsinfrastruktur. Planung und Entwicklung von Projekten im Bereich: Umweltstudien, Energieaudits von Anlagen und Geb\u00e4uden, Akustikstudien. Durchf\u00fchrung von akustischen Tests (Ger\u00e4usche und Schalld\u00e4mmung), funktechnischen Messungen sowie Erstellung von Gutachten und Expertisen zu Vorf\u00e4llen in Elektroanlagen mit Mittel- und Niederspannung. Bearbeitung der Unterlagen zur Erlangung von Betriebs- und Inbetriebnahmelizenzen.<\/p>\t\t\t\t\t\t\t\t<\/div>\n\t\t\t\t<\/div>\n\t\t\t\t<\/div>\n\t\t\t\t<div class=\"elementor-element elementor-element-ebe8113 elementor-widget-divider--view-line elementor-widget elementor-widget-divider\" data-id=\"ebe8113\" data-element_type=\"widget\" data-e-type=\"widget\" data-widget_type=\"divider.default\">\n\t\t\t\t<div class=\"elementor-widget-container\">\n\t\t\t\t\t\t\t<div class=\"elementor-divider\">\n\t\t\t<span class=\"elementor-divider-separator\">\n\t\t\t\t\t\t<\/span>\n\t\t<\/div>\n\t\t\t\t\t\t<\/div>\n\t\t\t\t<\/div>\n\t\t<div class=\"elementor-element elementor-element-5be1c16 e-con-full e-flex e-con e-child\" data-id=\"5be1c16\" data-element_type=\"container\" data-e-type=\"container\">\n\t\t\t\t<div class=\"elementor-element elementor-element-d2fa5e2 elementor-widget__width-initial elementor-widget elementor-widget-image\" data-id=\"d2fa5e2\" data-element_type=\"widget\" data-e-type=\"widget\" data-widget_type=\"image.default\">\n\t\t\t\t<div class=\"elementor-widget-container\">\n\t\t\t\t\t\t\t\t\t\t\t\t\t\t\t<img decoding=\"async\" width=\"202\" height=\"252\" src=\"https:\/\/gabitel.net\/wp-content\/uploads\/2025\/05\/SGS_ISO-27001-ENAC_TPL.png\" class=\"attachment-large size-large wp-image-31580\" alt=\"SGS27001_Gabitel\" \/>\t\t\t\t\t\t\t\t\t\t\t\t\t\t\t<\/div>\n\t\t\t\t<\/div>\n\t\t\t\t<div class=\"elementor-element elementor-element-a683e05 elementor-widget elementor-widget-text-editor\" data-id=\"a683e05\" data-element_type=\"widget\" data-e-type=\"widget\" data-widget_type=\"text-editor.default\">\n\t\t\t\t<div class=\"elementor-widget-container\">\n\t\t\t\t\t\t\t\t\t<p><strong>Zertifikatsnummer<\/strong>: ES23\/00000078<\/p><p><strong>Normname und Beschreibung<\/strong>: ISO\/IEC 27001:2022<\/p><p><strong>Geltungsbereich<\/strong>: Informationssysteme zur Unterst\u00fctzung von Ingenieurdienstleistungen. Gem\u00e4\u00df der aktuellen Erkl\u00e4rung zur Anwendbarkeit von 2024.<\/p>\t\t\t\t\t\t\t\t<\/div>\n\t\t\t\t<\/div>\n\t\t\t\t<\/div>\n\t\t\t\t<div class=\"elementor-element elementor-element-5237373 elementor-widget-divider--view-line elementor-widget elementor-widget-divider\" data-id=\"5237373\" data-element_type=\"widget\" data-e-type=\"widget\" data-widget_type=\"divider.default\">\n\t\t\t\t<div class=\"elementor-widget-container\">\n\t\t\t\t\t\t\t<div class=\"elementor-divider\">\n\t\t\t<span class=\"elementor-divider-separator\">\n\t\t\t\t\t\t<\/span>\n\t\t<\/div>\n\t\t\t\t\t\t<\/div>\n\t\t\t\t<\/div>\n\t\t<div class=\"elementor-element elementor-element-a3aa422 e-con-full e-flex e-con e-child\" data-id=\"a3aa422\" data-element_type=\"container\" data-e-type=\"container\">\n\t\t\t\t<div class=\"elementor-element elementor-element-2806edc elementor-widget__width-initial elementor-widget elementor-widget-image\" data-id=\"2806edc\" data-element_type=\"widget\" data-e-type=\"widget\" data-widget_type=\"image.default\">\n\t\t\t\t<div class=\"elementor-widget-container\">\n\t\t\t\t\t\t\t\t\t\t\t\t\t\t\t<img decoding=\"async\" width=\"207\" height=\"252\" src=\"https:\/\/gabitel.net\/wp-content\/uploads\/2025\/05\/SGS_ISO-45001-ENAC_TPL.png\" class=\"attachment-large size-large wp-image-31581\" alt=\"SGS45001_Gabitel\" \/>\t\t\t\t\t\t\t\t\t\t\t\t\t\t\t<\/div>\n\t\t\t\t<\/div>\n\t\t\t\t<div class=\"elementor-element elementor-element-202d555 elementor-widget elementor-widget-text-editor\" data-id=\"202d555\" data-element_type=\"widget\" data-e-type=\"widget\" data-widget_type=\"text-editor.default\">\n\t\t\t\t<div class=\"elementor-widget-container\">\n\t\t\t\t\t\t\t\t\t<p><strong>Zertifikatsnummer<\/strong>: ES13\/14816<\/p><p><strong>Normname und Beschreibung<\/strong>: ISO 45001:2018 \u2013 Zertifizierung f\u00fcr Arbeits- und Gesundheitsschutzmanagementsysteme (OH&amp;SMS)<\/p><p><strong>Geltungsbereich<\/strong>: Planung, Entwicklung und Bauleitung von Ingenieurprojekten f\u00fcr Anlagen: Photovoltaik- und Thermosysteme, Nieder- und Mittelspannungsanlagen, \u00f6ffentliche Beleuchtung, Wasserver- und -entsorgungsnetze und -infrastrukturen sowie Telekommunikationsinfrastrukturen. Planung und Entwicklung von Umweltstudien, Energieaudits von Anlagen und Geb\u00e4uden sowie Akustikstudien. Erbringung von Dienstleistungen in der Akustikpr\u00fcfung (Ger\u00e4usche und Schalld\u00e4mmung), funktechnischen Messungen sowie Gutachten zu Vorf\u00e4llen in Nieder- und Mittelspannungsanlagen. Bearbeitung von Unterlagen zur Erlangung von Betriebs- und Inbetriebnahmelizenzen.<\/p>\t\t\t\t\t\t\t\t<\/div>\n\t\t\t\t<\/div>\n\t\t\t\t<\/div>\n\t\t\t\t<div class=\"elementor-element elementor-element-91b9776 elementor-widget-divider--view-line elementor-widget elementor-widget-divider\" data-id=\"91b9776\" data-element_type=\"widget\" data-e-type=\"widget\" data-widget_type=\"divider.default\">\n\t\t\t\t<div class=\"elementor-widget-container\">\n\t\t\t\t\t\t\t<div class=\"elementor-divider\">\n\t\t\t<span class=\"elementor-divider-separator\">\n\t\t\t\t\t\t<\/span>\n\t\t<\/div>\n\t\t\t\t\t\t<\/div>\n\t\t\t\t<\/div>\n\t\t<div class=\"elementor-element elementor-element-421f14e e-con-full e-flex e-con e-child\" data-id=\"421f14e\" data-element_type=\"container\" data-e-type=\"container\">\n\t\t\t\t<div class=\"elementor-element elementor-element-3907fed elementor-widget__width-initial elementor-widget elementor-widget-image\" data-id=\"3907fed\" data-element_type=\"widget\" data-e-type=\"widget\" data-widget_type=\"image.default\">\n\t\t\t\t<div class=\"elementor-widget-container\">\n\t\t\t\t\t\t\t\t\t\t\t\t\t\t\t<img loading=\"lazy\" decoding=\"async\" width=\"207\" height=\"252\" src=\"https:\/\/gabitel.net\/wp-content\/uploads\/2025\/05\/SGS_UNE-166002-ENAC_TPL.png\" class=\"attachment-large size-large wp-image-31582\" alt=\"SGS_UNE 166002-ENAC_TPL\" \/>\t\t\t\t\t\t\t\t\t\t\t\t\t\t\t<\/div>\n\t\t\t\t<\/div>\n\t\t\t\t<div class=\"elementor-element elementor-element-0683def elementor-widget elementor-widget-text-editor\" data-id=\"0683def\" data-element_type=\"widget\" data-e-type=\"widget\" data-widget_type=\"text-editor.default\">\n\t\t\t\t<div class=\"elementor-widget-container\">\n\t\t\t\t\t\t\t\t\t<p><strong>Zertifikatsnummer<\/strong>: ES17\/22453<\/p><p><strong>Normname und Beschreibung<\/strong>: F&amp;E&amp;I-Management: Anforderungen an das F&amp;E&amp;I-Managementsystem.<\/p><p><strong>Geltungsbereich<\/strong>: F&amp;E&amp;I-Management zur Optimierung von Ingenieurprozessen. F&amp;E&amp;I-Management in sozialen Projekten und Softwareentwicklung.<\/p>\t\t\t\t\t\t\t\t<\/div>\n\t\t\t\t<\/div>\n\t\t\t\t<\/div>\n\t\t\t\t<div class=\"elementor-element elementor-element-da1f924 elementor-widget-divider--view-line elementor-widget elementor-widget-divider\" data-id=\"da1f924\" data-element_type=\"widget\" data-e-type=\"widget\" data-widget_type=\"divider.default\">\n\t\t\t\t<div class=\"elementor-widget-container\">\n\t\t\t\t\t\t\t<div class=\"elementor-divider\">\n\t\t\t<span class=\"elementor-divider-separator\">\n\t\t\t\t\t\t<\/span>\n\t\t<\/div>\n\t\t\t\t\t\t<\/div>\n\t\t\t\t<\/div>\n\t\t<div class=\"elementor-element elementor-element-d879280 e-con-full e-flex e-con e-child\" data-id=\"d879280\" data-element_type=\"container\" data-e-type=\"container\">\n\t\t\t\t<div class=\"elementor-element elementor-element-56299ca elementor-widget__width-initial elementor-widget elementor-widget-image\" data-id=\"56299ca\" data-element_type=\"widget\" data-e-type=\"widget\" data-widget_type=\"image.default\">\n\t\t\t\t<div class=\"elementor-widget-container\">\n\t\t\t\t\t\t\t\t\t\t\t\t\t\t\t<img loading=\"lazy\" decoding=\"async\" width=\"240\" height=\"300\" src=\"https:\/\/gabitel.net\/wp-content\/uploads\/2025\/05\/SGS_ISO-9001-ENAC_TCL-240x300.png\" class=\"attachment-medium size-medium wp-image-31584\" alt=\"ISO9001\" srcset=\"https:\/\/gabitel.net\/wp-content\/uploads\/2025\/05\/SGS_ISO-9001-ENAC_TCL-240x300.png 240w, https:\/\/gabitel.net\/wp-content\/uploads\/2025\/05\/SGS_ISO-9001-ENAC_TCL.png 630w\" sizes=\"(max-width: 240px) 100vw, 240px\" \/>\t\t\t\t\t\t\t\t\t\t\t\t\t\t\t<\/div>\n\t\t\t\t<\/div>\n\t\t\t\t<div class=\"elementor-element elementor-element-88050a0 elementor-widget elementor-widget-text-editor\" data-id=\"88050a0\" data-element_type=\"widget\" data-e-type=\"widget\" data-widget_type=\"text-editor.default\">\n\t\t\t\t<div class=\"elementor-widget-container\">\n\t\t\t\t\t\t\t\t\t<p><strong>Zertifikatsnummer<\/strong>: ES12\/12238<\/p><p><strong>Normname und Beschreibung<\/strong>: ISO 9001:2015 \u2013 Zertifizierung des Qualit\u00e4tsmanagementsystems<\/p><p><strong>Geltungsbereich<\/strong>: Planung, Entwicklung und Bauleitung von Ingenieurprojekten f\u00fcr Anlagen: Photovoltaik- und Thermosysteme, Nieder- und Mittelspannungsanlagen, \u00f6ffentliche Beleuchtung, Wasserver- und -entsorgungsnetze und -infrastrukturen sowie Telekommunikationsinfrastrukturen. Planung und Entwicklung von Umweltstudien, Energieaudits von Anlagen und Geb\u00e4uden sowie Akustikstudien. Erbringung von Dienstleistungen in der Akustikpr\u00fcfung (Ger\u00e4usche und Schalld\u00e4mmung), funktechnischen Messungen sowie Gutachten zu Vorf\u00e4llen in Nieder- und Mittelspannungsanlagen. Bearbeitung von Unterlagen zur Erlangung von Betriebs- und Inbetriebnahmelizenzen.<\/p>\t\t\t\t\t\t\t\t<\/div>\n\t\t\t\t<\/div>\n\t\t\t\t<\/div>\n\t\t\t\t\t<\/div>\n\t\t\t\t<\/div>\n\t\t\t\t<\/div>\n\t\t","protected":false},"excerpt":{"rendered":"<p>ZERTIFIZIERUNGEN Bei Gabitel sind Exzellenz und Qualit\u00e4t Teil unserer DNA. Deshalb verf\u00fcgen wir \u00fcber verschiedene Zertifizierungen, die unser Engagement f\u00fcr h\u00f6chste Standards in all unseren Dienstleistungen belegen: Telekommunikationsingenieurwesen, Energie, Industrie, Architektur, Agrarwesen, erneuerbare Energien, Beratung und Entwicklung. Diese Zertifizierungen spiegeln unser kontinuierliches Bestreben wider, unsere Prozesse zu verbessern, Sicherheit zu gew\u00e4hrleisten und unseren Kunden und [&hellip;]<\/p>\n","protected":false},"author":2,"featured_media":0,"parent":0,"menu_order":0,"comment_status":"closed","ping_status":"closed","template":"","meta":{"content-type":"","footnotes":""},"class_list":["post-35972","page","type-page","status-publish","hentry"],"yoast_head":"<!-- This site is optimized with the Yoast SEO plugin v27.5 - https:\/\/yoast.com\/product\/yoast-seo-wordpress\/ -->\n<title>Zertifizierungen - Gabitel<\/title>\n<meta name=\"description\" content=\"Descubre las certificaciones que avalan la calidad, seguridad y compromiso de Gabitel. Garant\u00eda y confianza en cada proyecto.\" \/>\n<meta name=\"robots\" content=\"index, follow, max-snippet:-1, max-image-preview:large, max-video-preview:-1\" \/>\n<link rel=\"canonical\" href=\"https:\/\/gabitel.net\/de\/certificaciones\/\" \/>\n<meta property=\"og:locale\" content=\"de_DE\" \/>\n<meta property=\"og:type\" content=\"article\" \/>\n<meta property=\"og:title\" content=\"Zertifizierungen - Gabitel\" \/>\n<meta property=\"og:description\" content=\"Descubre las certificaciones que avalan la calidad, seguridad y compromiso de Gabitel. Garant\u00eda y confianza en cada proyecto.\" \/>\n<meta property=\"og:url\" content=\"https:\/\/gabitel.net\/de\/certificaciones\/\" \/>\n<meta property=\"og:site_name\" content=\"Gabitel\" \/>\n<meta property=\"article:publisher\" content=\"https:\/\/www.facebook.com\/gabitelingenieros\/\" \/>\n<meta property=\"article:modified_time\" content=\"2025-07-30T10:20:16+00:00\" \/>\n<meta property=\"og:image\" content=\"https:\/\/gabitel.net\/wp-content\/uploads\/2025\/05\/SGS_ISO-14001-ENAC_TPL.png\" \/>\n\t<meta property=\"og:image:width\" content=\"202\" \/>\n\t<meta property=\"og:image:height\" content=\"252\" \/>\n\t<meta property=\"og:image:type\" content=\"image\/png\" \/>\n<meta name=\"twitter:card\" content=\"summary_large_image\" \/>\n<meta name=\"twitter:label1\" content=\"Gesch\u00e4tzte Lesezeit\" \/>\n\t<meta name=\"twitter:data1\" content=\"4\u00a0Minuten\" \/>\n<script type=\"application\/ld+json\" class=\"yoast-schema-graph\">{\"@context\":\"https:\\\/\\\/schema.org\",\"@graph\":[{\"@type\":\"WebPage\",\"@id\":\"https:\\\/\\\/gabitel.net\\\/de\\\/certificaciones\\\/\",\"url\":\"https:\\\/\\\/gabitel.net\\\/de\\\/certificaciones\\\/\",\"name\":\"Zertifizierungen - Gabitel\",\"isPartOf\":{\"@id\":\"https:\\\/\\\/gabitel.net\\\/de\\\/#website\"},\"primaryImageOfPage\":{\"@id\":\"https:\\\/\\\/gabitel.net\\\/de\\\/certificaciones\\\/#primaryimage\"},\"image\":{\"@id\":\"https:\\\/\\\/gabitel.net\\\/de\\\/certificaciones\\\/#primaryimage\"},\"thumbnailUrl\":\"https:\\\/\\\/gabitel.net\\\/wp-content\\\/uploads\\\/2025\\\/05\\\/SGS_ISO-14001-ENAC_TPL.png\",\"datePublished\":\"2025-07-28T08:40:26+00:00\",\"dateModified\":\"2025-07-30T10:20:16+00:00\",\"description\":\"Descubre las certificaciones que avalan la calidad, seguridad y compromiso de Gabitel. Garant\u00eda y confianza en cada proyecto.\",\"breadcrumb\":{\"@id\":\"https:\\\/\\\/gabitel.net\\\/de\\\/certificaciones\\\/#breadcrumb\"},\"inLanguage\":\"de\",\"potentialAction\":[{\"@type\":\"ReadAction\",\"target\":[\"https:\\\/\\\/gabitel.net\\\/de\\\/certificaciones\\\/\"]}]},{\"@type\":\"ImageObject\",\"inLanguage\":\"de\",\"@id\":\"https:\\\/\\\/gabitel.net\\\/de\\\/certificaciones\\\/#primaryimage\",\"url\":\"https:\\\/\\\/gabitel.net\\\/wp-content\\\/uploads\\\/2025\\\/05\\\/SGS_ISO-14001-ENAC_TPL.png\",\"contentUrl\":\"https:\\\/\\\/gabitel.net\\\/wp-content\\\/uploads\\\/2025\\\/05\\\/SGS_ISO-14001-ENAC_TPL.png\"},{\"@type\":\"BreadcrumbList\",\"@id\":\"https:\\\/\\\/gabitel.net\\\/de\\\/certificaciones\\\/#breadcrumb\",\"itemListElement\":[{\"@type\":\"ListItem\",\"position\":1,\"name\":\"Portada\",\"item\":\"https:\\\/\\\/gabitel.net\\\/de\\\/\"},{\"@type\":\"ListItem\",\"position\":2,\"name\":\"Zertifizierungen\"}]},{\"@type\":\"WebSite\",\"@id\":\"https:\\\/\\\/gabitel.net\\\/de\\\/#website\",\"url\":\"https:\\\/\\\/gabitel.net\\\/de\\\/\",\"name\":\"Gabitel\",\"description\":\"\",\"publisher\":{\"@id\":\"https:\\\/\\\/gabitel.net\\\/de\\\/#organization\"},\"potentialAction\":[{\"@type\":\"SearchAction\",\"target\":{\"@type\":\"EntryPoint\",\"urlTemplate\":\"https:\\\/\\\/gabitel.net\\\/de\\\/?s={search_term_string}\"},\"query-input\":{\"@type\":\"PropertyValueSpecification\",\"valueRequired\":true,\"valueName\":\"search_term_string\"}}],\"inLanguage\":\"de\"},{\"@type\":\"Organization\",\"@id\":\"https:\\\/\\\/gabitel.net\\\/de\\\/#organization\",\"name\":\"Gabitel\",\"url\":\"https:\\\/\\\/gabitel.net\\\/de\\\/\",\"logo\":{\"@type\":\"ImageObject\",\"inLanguage\":\"de\",\"@id\":\"https:\\\/\\\/gabitel.net\\\/de\\\/#\\\/schema\\\/logo\\\/image\\\/\",\"url\":\"https:\\\/\\\/gabitel.net\\\/wp-content\\\/uploads\\\/2025\\\/05\\\/logo_gabitel.jpg\",\"contentUrl\":\"https:\\\/\\\/gabitel.net\\\/wp-content\\\/uploads\\\/2025\\\/05\\\/logo_gabitel.jpg\",\"width\":2560,\"height\":1330,\"caption\":\"Gabitel\"},\"image\":{\"@id\":\"https:\\\/\\\/gabitel.net\\\/de\\\/#\\\/schema\\\/logo\\\/image\\\/\"},\"sameAs\":[\"https:\\\/\\\/www.facebook.com\\\/gabitelingenieros\\\/\",\"https:\\\/\\\/es.linkedin.com\\\/company\\\/gabitel-ingenieros\"]}]}<\/script>\n<!-- \/ Yoast SEO plugin. -->","yoast_head_json":{"title":"Zertifizierungen - Gabitel","description":"Descubre las certificaciones que avalan la calidad, seguridad y compromiso de Gabitel. Garant\u00eda y confianza en cada proyecto.","robots":{"index":"index","follow":"follow","max-snippet":"max-snippet:-1","max-image-preview":"max-image-preview:large","max-video-preview":"max-video-preview:-1"},"canonical":"https:\/\/gabitel.net\/de\/certificaciones\/","og_locale":"de_DE","og_type":"article","og_title":"Zertifizierungen - Gabitel","og_description":"Descubre las certificaciones que avalan la calidad, seguridad y compromiso de Gabitel. Garant\u00eda y confianza en cada proyecto.","og_url":"https:\/\/gabitel.net\/de\/certificaciones\/","og_site_name":"Gabitel","article_publisher":"https:\/\/www.facebook.com\/gabitelingenieros\/","article_modified_time":"2025-07-30T10:20:16+00:00","og_image":[{"width":202,"height":252,"url":"https:\/\/gabitel.net\/wp-content\/uploads\/2025\/05\/SGS_ISO-14001-ENAC_TPL.png","type":"image\/png"}],"twitter_card":"summary_large_image","twitter_misc":{"Gesch\u00e4tzte Lesezeit":"4\u00a0Minuten"},"schema":{"@context":"https:\/\/schema.org","@graph":[{"@type":"WebPage","@id":"https:\/\/gabitel.net\/de\/certificaciones\/","url":"https:\/\/gabitel.net\/de\/certificaciones\/","name":"Zertifizierungen - Gabitel","isPartOf":{"@id":"https:\/\/gabitel.net\/de\/#website"},"primaryImageOfPage":{"@id":"https:\/\/gabitel.net\/de\/certificaciones\/#primaryimage"},"image":{"@id":"https:\/\/gabitel.net\/de\/certificaciones\/#primaryimage"},"thumbnailUrl":"https:\/\/gabitel.net\/wp-content\/uploads\/2025\/05\/SGS_ISO-14001-ENAC_TPL.png","datePublished":"2025-07-28T08:40:26+00:00","dateModified":"2025-07-30T10:20:16+00:00","description":"Descubre las certificaciones que avalan la calidad, seguridad y compromiso de Gabitel. Garant\u00eda y confianza en cada proyecto.","breadcrumb":{"@id":"https:\/\/gabitel.net\/de\/certificaciones\/#breadcrumb"},"inLanguage":"de","potentialAction":[{"@type":"ReadAction","target":["https:\/\/gabitel.net\/de\/certificaciones\/"]}]},{"@type":"ImageObject","inLanguage":"de","@id":"https:\/\/gabitel.net\/de\/certificaciones\/#primaryimage","url":"https:\/\/gabitel.net\/wp-content\/uploads\/2025\/05\/SGS_ISO-14001-ENAC_TPL.png","contentUrl":"https:\/\/gabitel.net\/wp-content\/uploads\/2025\/05\/SGS_ISO-14001-ENAC_TPL.png"},{"@type":"BreadcrumbList","@id":"https:\/\/gabitel.net\/de\/certificaciones\/#breadcrumb","itemListElement":[{"@type":"ListItem","position":1,"name":"Portada","item":"https:\/\/gabitel.net\/de\/"},{"@type":"ListItem","position":2,"name":"Zertifizierungen"}]},{"@type":"WebSite","@id":"https:\/\/gabitel.net\/de\/#website","url":"https:\/\/gabitel.net\/de\/","name":"Gabitel","description":"","publisher":{"@id":"https:\/\/gabitel.net\/de\/#organization"},"potentialAction":[{"@type":"SearchAction","target":{"@type":"EntryPoint","urlTemplate":"https:\/\/gabitel.net\/de\/?s={search_term_string}"},"query-input":{"@type":"PropertyValueSpecification","valueRequired":true,"valueName":"search_term_string"}}],"inLanguage":"de"},{"@type":"Organization","@id":"https:\/\/gabitel.net\/de\/#organization","name":"Gabitel","url":"https:\/\/gabitel.net\/de\/","logo":{"@type":"ImageObject","inLanguage":"de","@id":"https:\/\/gabitel.net\/de\/#\/schema\/logo\/image\/","url":"https:\/\/gabitel.net\/wp-content\/uploads\/2025\/05\/logo_gabitel.jpg","contentUrl":"https:\/\/gabitel.net\/wp-content\/uploads\/2025\/05\/logo_gabitel.jpg","width":2560,"height":1330,"caption":"Gabitel"},"image":{"@id":"https:\/\/gabitel.net\/de\/#\/schema\/logo\/image\/"},"sameAs":["https:\/\/www.facebook.com\/gabitelingenieros\/","https:\/\/es.linkedin.com\/company\/gabitel-ingenieros"]}]}},"_links":{"self":[{"href":"https:\/\/gabitel.net\/de\/wp-json\/wp\/v2\/pages\/35972","targetHints":{"allow":["GET"]}}],"collection":[{"href":"https:\/\/gabitel.net\/de\/wp-json\/wp\/v2\/pages"}],"about":[{"href":"https:\/\/gabitel.net\/de\/wp-json\/wp\/v2\/types\/page"}],"author":[{"embeddable":true,"href":"https:\/\/gabitel.net\/de\/wp-json\/wp\/v2\/users\/2"}],"replies":[{"embeddable":true,"href":"https:\/\/gabitel.net\/de\/wp-json\/wp\/v2\/comments?post=35972"}],"version-history":[{"count":5,"href":"https:\/\/gabitel.net\/de\/wp-json\/wp\/v2\/pages\/35972\/revisions"}],"predecessor-version":[{"id":35978,"href":"https:\/\/gabitel.net\/de\/wp-json\/wp\/v2\/pages\/35972\/revisions\/35978"}],"wp:attachment":[{"href":"https:\/\/gabitel.net\/de\/wp-json\/wp\/v2\/media?parent=35972"}],"curies":[{"name":"wp","href":"https:\/\/api.w.org\/{rel}","templated":true}]}}