{"id":35841,"date":"2025-07-25T13:05:09","date_gmt":"2025-07-25T11:05:09","guid":{"rendered":"https:\/\/gabitel.net\/chair-activities\/iii-conferencia-sectorial-catedra-gabitel\/"},"modified":"2025-07-30T11:42:45","modified_gmt":"2025-07-30T09:42:45","slug":"iii-conferencia-sectorial-catedra-gabitel","status":"publish","type":"page","link":"https:\/\/gabitel.net\/en\/chair\/chair-activities\/iii-conferencia-sectorial-catedra-gabitel\/","title":{"rendered":"III Sector Conference Gabitel chair"},"content":{"rendered":"\t\t<div data-elementor-type=\"wp-page\" data-elementor-id=\"35841\" class=\"elementor elementor-35841 elementor-35715\" data-elementor-post-type=\"page\">\n\t\t\t\t<div class=\"elementor-element elementor-element-66669a2 e-flex e-con-boxed e-con e-parent\" data-id=\"66669a2\" data-element_type=\"container\" data-e-type=\"container\" data-settings=\"{&quot;background_background&quot;:&quot;classic&quot;}\">\n\t\t\t\t\t<div class=\"e-con-inner\">\n\t\t\t\t<div class=\"elementor-element elementor-element-59d2a20 elementor-widget__width-inherit elementor-widget elementor-widget-heading\" data-id=\"59d2a20\" data-element_type=\"widget\" data-e-type=\"widget\" data-widget_type=\"heading.default\">\n\t\t\t\t<div class=\"elementor-widget-container\">\n\t\t\t\t\t<h1 class=\"elementor-heading-title elementor-size-default\">III SECTOR CONFERENCE<\/h1>\t\t\t\t<\/div>\n\t\t\t\t<\/div>\n\t\t\t\t\t<\/div>\n\t\t\t\t<\/div>\n\t\t<div class=\"elementor-element elementor-element-72ba899 e-con-full e-flex e-con e-parent\" data-id=\"72ba899\" data-element_type=\"container\" data-e-type=\"container\">\n\t\t\t\t<div class=\"elementor-element elementor-element-29af75b elementor-widget elementor-widget-heading\" data-id=\"29af75b\" data-element_type=\"widget\" data-e-type=\"widget\" data-widget_type=\"heading.default\">\n\t\t\t\t<div class=\"elementor-widget-container\">\n\t\t\t\t\t<h2 class=\"elementor-heading-title elementor-size-default\">TRANSPORT DAY<\/h2>\t\t\t\t<\/div>\n\t\t\t\t<\/div>\n\t\t\t\t<div class=\"elementor-element elementor-element-36d4faa elementor-widget elementor-widget-heading\" data-id=\"36d4faa\" data-element_type=\"widget\" data-e-type=\"widget\" data-widget_type=\"heading.default\">\n\t\t\t\t<div class=\"elementor-widget-container\">\n\t\t\t\t\t<h3 class=\"elementor-heading-title elementor-size-default\">Transport in Heavy Vehicles: Current Challenges and Future Solutions<\/h3>\t\t\t\t<\/div>\n\t\t\t\t<\/div>\n\t\t\t\t<div class=\"elementor-element elementor-element-e0013e2 elementor-widget elementor-widget-heading\" data-id=\"e0013e2\" data-element_type=\"widget\" data-e-type=\"widget\" data-widget_type=\"heading.default\">\n\t\t\t\t<div class=\"elementor-widget-container\">\n\t\t\t\t\t<h4 class=\"elementor-heading-title elementor-size-default\">Documentation<\/h4>\t\t\t\t<\/div>\n\t\t\t\t<\/div>\n\t\t\t\t<div class=\"elementor-element elementor-element-213d26e elementor-widget__width-inherit elementor-widget elementor-widget-text-editor\" data-id=\"213d26e\" data-element_type=\"widget\" data-e-type=\"widget\" data-widget_type=\"text-editor.default\">\n\t\t\t\t<div class=\"elementor-widget-container\">\n\t\t\t\t\t\t\t\t\t<ul><li><a href=\"https:\/\/gabitel.net\/wp-content\/uploads\/2025\/07\/Programa-III-Conferencia-Sectorial.pdf\">Programme<\/a><\/li><li><a href=\"https:\/\/gabitel.net\/wp-content\/uploads\/2025\/07\/El-hidrogeno-como-vector-de-energia-Antonio-Rasero.pdf\">Hydrogen as an Energy Vector &#8211; Antonio Rasero<\/a><\/li><li><a href=\"https:\/\/gabitel.net\/wp-content\/uploads\/2025\/07\/Fusion-Fuel-Tomas-Liniers.pdf\">Fusion Fuel &#8211; Tom\u00e1s Liniers<\/a><\/li><\/ul>\t\t\t\t\t\t\t\t<\/div>\n\t\t\t\t<\/div>\n\t\t\t\t<div class=\"elementor-element elementor-element-fa0efb2 elementor-align-right boton-volver elementor-widget elementor-widget-button\" data-id=\"fa0efb2\" data-element_type=\"widget\" data-e-type=\"widget\" data-widget_type=\"button.default\">\n\t\t\t\t<div class=\"elementor-widget-container\">\n\t\t\t\t\t\t\t\t\t<div class=\"elementor-button-wrapper\">\n\t\t\t\t\t<a class=\"elementor-button elementor-button-link elementor-size-sm\" href=\"https:\/\/gabitel.net\/en\/chair\/chair-activities\/\">\n\t\t\t\t\t\t<span class=\"elementor-button-content-wrapper\">\n\t\t\t\t\t\t<span class=\"elementor-button-icon\">\n\t\t\t\t<svg aria-hidden=\"true\" class=\"e-font-icon-svg e-fas-angle-up\" viewBox=\"0 0 320 512\" xmlns=\"http:\/\/www.w3.org\/2000\/svg\"><path d=\"M177 159.7l136 136c9.4 9.4 9.4 24.6 0 33.9l-22.6 22.6c-9.4 9.4-24.6 9.4-33.9 0L160 255.9l-96.4 96.4c-9.4 9.4-24.6 9.4-33.9 0L7 329.7c-9.4-9.4-9.4-24.6 0-33.9l136-136c9.4-9.5 24.6-9.5 34-.1z\"><\/path><\/svg>\t\t\t<\/span>\n\t\t\t\t\t\t\t\t\t<span class=\"elementor-button-text\">BACK<\/span>\n\t\t\t\t\t<\/span>\n\t\t\t\t\t<\/a>\n\t\t\t\t<\/div>\n\t\t\t\t\t\t\t\t<\/div>\n\t\t\t\t<\/div>\n\t\t\t\t<\/div>\n\t\t\t\t<\/div>\n\t\t","protected":false},"excerpt":{"rendered":"<p>III SECTOR CONFERENCE TRANSPORT DAY Transport in Heavy Vehicles: Current Challenges and Future Solutions Documentation Programme Hydrogen as an Energy Vector &#8211; Antonio Rasero Fusion Fuel &#8211; Tom\u00e1s Liniers BACK<\/p>\n","protected":false},"author":2,"featured_media":0,"parent":32418,"menu_order":0,"comment_status":"closed","ping_status":"closed","template":"","meta":{"content-type":"","footnotes":""},"class_list":["post-35841","page","type-page","status-publish","hentry"],"yoast_head":"<!-- This site is optimized with the Yoast SEO plugin v27.4 - https:\/\/yoast.com\/product\/yoast-seo-wordpress\/ -->\n<title>III Sector Conference Gabitel chair - Gabitel<\/title>\n<meta name=\"description\" content=\"Gabitel en Huelva y Sevilla ofrece Ingenier\u00eda Telecomunicaciones FTTH: dise\u00f1o, despliegue y consultor\u00eda con alcance nacional e internacional.\" \/>\n<meta name=\"robots\" content=\"index, follow, max-snippet:-1, max-image-preview:large, max-video-preview:-1\" \/>\n<link rel=\"canonical\" href=\"https:\/\/gabitel.net\/en\/chair\/chair-activities\/iii-conferencia-sectorial-catedra-gabitel\/\" \/>\n<meta property=\"og:locale\" content=\"en_US\" \/>\n<meta property=\"og:type\" content=\"article\" \/>\n<meta property=\"og:title\" content=\"III Sector Conference Gabitel chair - Gabitel\" \/>\n<meta property=\"og:description\" content=\"Gabitel en Huelva y Sevilla ofrece Ingenier\u00eda Telecomunicaciones FTTH: dise\u00f1o, despliegue y consultor\u00eda con alcance nacional e internacional.\" \/>\n<meta property=\"og:url\" content=\"https:\/\/gabitel.net\/en\/chair\/chair-activities\/iii-conferencia-sectorial-catedra-gabitel\/\" \/>\n<meta property=\"og:site_name\" content=\"Gabitel\" \/>\n<meta property=\"article:publisher\" content=\"https:\/\/www.facebook.com\/gabitelingenieros\/\" \/>\n<meta property=\"article:modified_time\" content=\"2025-07-30T09:42:45+00:00\" \/>\n<meta name=\"twitter:card\" content=\"summary_large_image\" \/>\n<meta name=\"twitter:label1\" content=\"Est. reading time\" \/>\n\t<meta name=\"twitter:data1\" content=\"1 minute\" \/>\n<script type=\"application\/ld+json\" class=\"yoast-schema-graph\">{\"@context\":\"https:\\\/\\\/schema.org\",\"@graph\":[{\"@type\":\"WebPage\",\"@id\":\"https:\\\/\\\/gabitel.net\\\/en\\\/chair\\\/chair-activities\\\/iii-conferencia-sectorial-catedra-gabitel\\\/\",\"url\":\"https:\\\/\\\/gabitel.net\\\/en\\\/chair\\\/chair-activities\\\/iii-conferencia-sectorial-catedra-gabitel\\\/\",\"name\":\"III Sector Conference Gabitel chair - Gabitel\",\"isPartOf\":{\"@id\":\"https:\\\/\\\/gabitel.net\\\/en\\\/#website\"},\"datePublished\":\"2025-07-25T11:05:09+00:00\",\"dateModified\":\"2025-07-30T09:42:45+00:00\",\"description\":\"Gabitel en Huelva y Sevilla ofrece Ingenier\u00eda Telecomunicaciones FTTH: dise\u00f1o, despliegue y consultor\u00eda con alcance nacional e internacional.\",\"breadcrumb\":{\"@id\":\"https:\\\/\\\/gabitel.net\\\/en\\\/chair\\\/chair-activities\\\/iii-conferencia-sectorial-catedra-gabitel\\\/#breadcrumb\"},\"inLanguage\":\"en-US\",\"potentialAction\":[{\"@type\":\"ReadAction\",\"target\":[\"https:\\\/\\\/gabitel.net\\\/en\\\/chair\\\/chair-activities\\\/iii-conferencia-sectorial-catedra-gabitel\\\/\"]}]},{\"@type\":\"BreadcrumbList\",\"@id\":\"https:\\\/\\\/gabitel.net\\\/en\\\/chair\\\/chair-activities\\\/iii-conferencia-sectorial-catedra-gabitel\\\/#breadcrumb\",\"itemListElement\":[{\"@type\":\"ListItem\",\"position\":1,\"name\":\"Portada\",\"item\":\"https:\\\/\\\/gabitel.net\\\/en\\\/\"},{\"@type\":\"ListItem\",\"position\":2,\"name\":\"Chair\",\"item\":\"https:\\\/\\\/gabitel.net\\\/en\\\/catedra\\\/\"},{\"@type\":\"ListItem\",\"position\":3,\"name\":\"Chair Activities\",\"item\":\"https:\\\/\\\/gabitel.net\\\/en\\\/chair\\\/chair-activities\\\/\"},{\"@type\":\"ListItem\",\"position\":4,\"name\":\"III Sector Conference Gabitel chair\"}]},{\"@type\":\"WebSite\",\"@id\":\"https:\\\/\\\/gabitel.net\\\/en\\\/#website\",\"url\":\"https:\\\/\\\/gabitel.net\\\/en\\\/\",\"name\":\"Gabitel\",\"description\":\"\",\"publisher\":{\"@id\":\"https:\\\/\\\/gabitel.net\\\/en\\\/#organization\"},\"potentialAction\":[{\"@type\":\"SearchAction\",\"target\":{\"@type\":\"EntryPoint\",\"urlTemplate\":\"https:\\\/\\\/gabitel.net\\\/en\\\/?s={search_term_string}\"},\"query-input\":{\"@type\":\"PropertyValueSpecification\",\"valueRequired\":true,\"valueName\":\"search_term_string\"}}],\"inLanguage\":\"en-US\"},{\"@type\":\"Organization\",\"@id\":\"https:\\\/\\\/gabitel.net\\\/en\\\/#organization\",\"name\":\"Gabitel\",\"url\":\"https:\\\/\\\/gabitel.net\\\/en\\\/\",\"logo\":{\"@type\":\"ImageObject\",\"inLanguage\":\"en-US\",\"@id\":\"https:\\\/\\\/gabitel.net\\\/en\\\/#\\\/schema\\\/logo\\\/image\\\/\",\"url\":\"https:\\\/\\\/gabitel.net\\\/wp-content\\\/uploads\\\/2025\\\/05\\\/logo_gabitel.jpg\",\"contentUrl\":\"https:\\\/\\\/gabitel.net\\\/wp-content\\\/uploads\\\/2025\\\/05\\\/logo_gabitel.jpg\",\"width\":2560,\"height\":1330,\"caption\":\"Gabitel\"},\"image\":{\"@id\":\"https:\\\/\\\/gabitel.net\\\/en\\\/#\\\/schema\\\/logo\\\/image\\\/\"},\"sameAs\":[\"https:\\\/\\\/www.facebook.com\\\/gabitelingenieros\\\/\",\"https:\\\/\\\/es.linkedin.com\\\/company\\\/gabitel-ingenieros\"]}]}<\/script>\n<!-- \/ Yoast SEO plugin. -->","yoast_head_json":{"title":"III Sector Conference Gabitel chair - Gabitel","description":"Gabitel en Huelva y Sevilla ofrece Ingenier\u00eda Telecomunicaciones FTTH: dise\u00f1o, despliegue y consultor\u00eda con alcance nacional e internacional.","robots":{"index":"index","follow":"follow","max-snippet":"max-snippet:-1","max-image-preview":"max-image-preview:large","max-video-preview":"max-video-preview:-1"},"canonical":"https:\/\/gabitel.net\/en\/chair\/chair-activities\/iii-conferencia-sectorial-catedra-gabitel\/","og_locale":"en_US","og_type":"article","og_title":"III Sector Conference Gabitel chair - Gabitel","og_description":"Gabitel en Huelva y Sevilla ofrece Ingenier\u00eda Telecomunicaciones FTTH: dise\u00f1o, despliegue y consultor\u00eda con alcance nacional e internacional.","og_url":"https:\/\/gabitel.net\/en\/chair\/chair-activities\/iii-conferencia-sectorial-catedra-gabitel\/","og_site_name":"Gabitel","article_publisher":"https:\/\/www.facebook.com\/gabitelingenieros\/","article_modified_time":"2025-07-30T09:42:45+00:00","twitter_card":"summary_large_image","twitter_misc":{"Est. reading time":"1 minute"},"schema":{"@context":"https:\/\/schema.org","@graph":[{"@type":"WebPage","@id":"https:\/\/gabitel.net\/en\/chair\/chair-activities\/iii-conferencia-sectorial-catedra-gabitel\/","url":"https:\/\/gabitel.net\/en\/chair\/chair-activities\/iii-conferencia-sectorial-catedra-gabitel\/","name":"III Sector Conference Gabitel chair - Gabitel","isPartOf":{"@id":"https:\/\/gabitel.net\/en\/#website"},"datePublished":"2025-07-25T11:05:09+00:00","dateModified":"2025-07-30T09:42:45+00:00","description":"Gabitel en Huelva y Sevilla ofrece Ingenier\u00eda Telecomunicaciones FTTH: dise\u00f1o, despliegue y consultor\u00eda con alcance nacional e internacional.","breadcrumb":{"@id":"https:\/\/gabitel.net\/en\/chair\/chair-activities\/iii-conferencia-sectorial-catedra-gabitel\/#breadcrumb"},"inLanguage":"en-US","potentialAction":[{"@type":"ReadAction","target":["https:\/\/gabitel.net\/en\/chair\/chair-activities\/iii-conferencia-sectorial-catedra-gabitel\/"]}]},{"@type":"BreadcrumbList","@id":"https:\/\/gabitel.net\/en\/chair\/chair-activities\/iii-conferencia-sectorial-catedra-gabitel\/#breadcrumb","itemListElement":[{"@type":"ListItem","position":1,"name":"Portada","item":"https:\/\/gabitel.net\/en\/"},{"@type":"ListItem","position":2,"name":"Chair","item":"https:\/\/gabitel.net\/en\/catedra\/"},{"@type":"ListItem","position":3,"name":"Chair Activities","item":"https:\/\/gabitel.net\/en\/chair\/chair-activities\/"},{"@type":"ListItem","position":4,"name":"III Sector Conference Gabitel chair"}]},{"@type":"WebSite","@id":"https:\/\/gabitel.net\/en\/#website","url":"https:\/\/gabitel.net\/en\/","name":"Gabitel","description":"","publisher":{"@id":"https:\/\/gabitel.net\/en\/#organization"},"potentialAction":[{"@type":"SearchAction","target":{"@type":"EntryPoint","urlTemplate":"https:\/\/gabitel.net\/en\/?s={search_term_string}"},"query-input":{"@type":"PropertyValueSpecification","valueRequired":true,"valueName":"search_term_string"}}],"inLanguage":"en-US"},{"@type":"Organization","@id":"https:\/\/gabitel.net\/en\/#organization","name":"Gabitel","url":"https:\/\/gabitel.net\/en\/","logo":{"@type":"ImageObject","inLanguage":"en-US","@id":"https:\/\/gabitel.net\/en\/#\/schema\/logo\/image\/","url":"https:\/\/gabitel.net\/wp-content\/uploads\/2025\/05\/logo_gabitel.jpg","contentUrl":"https:\/\/gabitel.net\/wp-content\/uploads\/2025\/05\/logo_gabitel.jpg","width":2560,"height":1330,"caption":"Gabitel"},"image":{"@id":"https:\/\/gabitel.net\/en\/#\/schema\/logo\/image\/"},"sameAs":["https:\/\/www.facebook.com\/gabitelingenieros\/","https:\/\/es.linkedin.com\/company\/gabitel-ingenieros"]}]}},"_links":{"self":[{"href":"https:\/\/gabitel.net\/en\/wp-json\/wp\/v2\/pages\/35841","targetHints":{"allow":["GET"]}}],"collection":[{"href":"https:\/\/gabitel.net\/en\/wp-json\/wp\/v2\/pages"}],"about":[{"href":"https:\/\/gabitel.net\/en\/wp-json\/wp\/v2\/types\/page"}],"author":[{"embeddable":true,"href":"https:\/\/gabitel.net\/en\/wp-json\/wp\/v2\/users\/2"}],"replies":[{"embeddable":true,"href":"https:\/\/gabitel.net\/en\/wp-json\/wp\/v2\/comments?post=35841"}],"version-history":[{"count":5,"href":"https:\/\/gabitel.net\/en\/wp-json\/wp\/v2\/pages\/35841\/revisions"}],"predecessor-version":[{"id":35928,"href":"https:\/\/gabitel.net\/en\/wp-json\/wp\/v2\/pages\/35841\/revisions\/35928"}],"up":[{"embeddable":true,"href":"https:\/\/gabitel.net\/en\/wp-json\/wp\/v2\/pages\/32418"}],"wp:attachment":[{"href":"https:\/\/gabitel.net\/en\/wp-json\/wp\/v2\/media?parent=35841"}],"curies":[{"name":"wp","href":"https:\/\/api.w.org\/{rel}","templated":true}]}}